{"id":769,"date":"2019-06-26T11:41:05","date_gmt":"2019-06-26T02:41:05","guid":{"rendered":"http:\/\/www.isi-education.com\/vi\/?page_id=769"},"modified":"2025-08-12T14:53:00","modified_gmt":"2025-08-12T05:53:00","slug":"course-fee-ikebukuro","status":"publish","type":"page","link":"https:\/\/www.isi-education.com\/vi\/application\/fee\/course-fee-ikebukuro\/","title":{"rendered":"H\u1ecdc ph\u00ed &#8211; C\u01a1 s\u1edf Tokyo-Ikebukuro"},"content":{"rendered":"<p>Th\u1eddi gian \u0111\u0103ng k\u00fd t\u1ed1i thi\u1ec3u l\u00e0 2 tu\u1ea7n.<\/p>\n","protected":false},"excerpt":{"rendered":"<p>Th\u1eddi gian \u0111\u0103ng k\u00fd t\u1ed1i thi\u1ec3u l\u00e0 2 tu\u1ea7n.<\/p>\n","protected":false},"author":44,"featured_media":0,"parent":598,"menu_order":2,"comment_status":"closed","ping_status":"closed","template":"template-page.php","meta":{"_acf_changed":false,"footnotes":""},"class_list":["post-769","page","type-page","status-publish","hentry"],"acf":[],"aioseo_notices":[],"_links":{"self":[{"href":"https:\/\/www.isi-education.com\/vi\/wp-json\/wp\/v2\/pages\/769","targetHints":{"allow":["GET"]}}],"collection":[{"href":"https:\/\/www.isi-education.com\/vi\/wp-json\/wp\/v2\/pages"}],"about":[{"href":"https:\/\/www.isi-education.com\/vi\/wp-json\/wp\/v2\/types\/page"}],"author":[{"embeddable":true,"href":"https:\/\/www.isi-education.com\/vi\/wp-json\/wp\/v2\/users\/44"}],"replies":[{"embeddable":true,"href":"https:\/\/www.isi-education.com\/vi\/wp-json\/wp\/v2\/comments?post=769"}],"version-history":[{"count":21,"href":"https:\/\/www.isi-education.com\/vi\/wp-json\/wp\/v2\/pages\/769\/revisions"}],"predecessor-version":[{"id":5906,"href":"https:\/\/www.isi-education.com\/vi\/wp-json\/wp\/v2\/pages\/769\/revisions\/5906"}],"up":[{"embeddable":true,"href":"https:\/\/www.isi-education.com\/vi\/wp-json\/wp\/v2\/pages\/598"}],"wp:attachment":[{"href":"https:\/\/www.isi-education.com\/vi\/wp-json\/wp\/v2\/media?parent=769"}],"curies":[{"name":"wp","href":"https:\/\/api.w.org\/{rel}","templated":true}]}}