{"id":764,"date":"2019-06-14T13:54:51","date_gmt":"2019-06-14T04:54:51","guid":{"rendered":"http:\/\/www.isi-education.com\/vi\/?page_id=764"},"modified":"2025-10-22T13:43:26","modified_gmt":"2025-10-22T04:43:26","slug":"student-house-shakujii","status":"publish","type":"page","link":"https:\/\/www.isi-education.com\/vi\/application\/accommodation\/student-house-shakujii\/","title":{"rendered":"K\u00ed t\u00fac x\u00e1 &#8211; Nh\u00e0 qu\u1ed1c t\u1ebf Shakujii-Koen"},"content":{"rendered":"","protected":false},"excerpt":{"rendered":"","protected":false},"author":44,"featured_media":0,"parent":633,"menu_order":1,"comment_status":"closed","ping_status":"closed","template":"template-page.php","meta":{"_acf_changed":false,"footnotes":""},"class_list":["post-764","page","type-page","status-publish","hentry"],"acf":[],"aioseo_notices":[],"_links":{"self":[{"href":"https:\/\/www.isi-education.com\/vi\/wp-json\/wp\/v2\/pages\/764","targetHints":{"allow":["GET"]}}],"collection":[{"href":"https:\/\/www.isi-education.com\/vi\/wp-json\/wp\/v2\/pages"}],"about":[{"href":"https:\/\/www.isi-education.com\/vi\/wp-json\/wp\/v2\/types\/page"}],"author":[{"embeddable":true,"href":"https:\/\/www.isi-education.com\/vi\/wp-json\/wp\/v2\/users\/44"}],"replies":[{"embeddable":true,"href":"https:\/\/www.isi-education.com\/vi\/wp-json\/wp\/v2\/comments?post=764"}],"version-history":[{"count":19,"href":"https:\/\/www.isi-education.com\/vi\/wp-json\/wp\/v2\/pages\/764\/revisions"}],"predecessor-version":[{"id":6010,"href":"https:\/\/www.isi-education.com\/vi\/wp-json\/wp\/v2\/pages\/764\/revisions\/6010"}],"up":[{"embeddable":true,"href":"https:\/\/www.isi-education.com\/vi\/wp-json\/wp\/v2\/pages\/633"}],"wp:attachment":[{"href":"https:\/\/www.isi-education.com\/vi\/wp-json\/wp\/v2\/media?parent=764"}],"curies":[{"name":"wp","href":"https:\/\/api.w.org\/{rel}","templated":true}]}}