{"id":762,"date":"2019-06-26T10:44:27","date_gmt":"2019-06-26T01:44:27","guid":{"rendered":"http:\/\/www.isi-education.com\/vi\/?page_id=762"},"modified":"2025-01-17T16:25:27","modified_gmt":"2025-01-17T07:25:27","slug":"student-house-toda","status":"publish","type":"page","link":"https:\/\/www.isi-education.com\/vi\/application\/accommodation\/student-house-toda\/","title":{"rendered":"K\u00ed t\u00fac x\u00e1 &#8211; Nh\u00e0 qu\u1ed1c t\u1ebf Toda"},"content":{"rendered":"","protected":false},"excerpt":{"rendered":"","protected":false},"author":44,"featured_media":0,"parent":633,"menu_order":2,"comment_status":"closed","ping_status":"closed","template":"template-page.php","meta":{"_acf_changed":false,"footnotes":""},"class_list":["post-762","page","type-page","status-publish","hentry"],"acf":[],"aioseo_notices":[],"_links":{"self":[{"href":"https:\/\/www.isi-education.com\/vi\/wp-json\/wp\/v2\/pages\/762","targetHints":{"allow":["GET"]}}],"collection":[{"href":"https:\/\/www.isi-education.com\/vi\/wp-json\/wp\/v2\/pages"}],"about":[{"href":"https:\/\/www.isi-education.com\/vi\/wp-json\/wp\/v2\/types\/page"}],"author":[{"embeddable":true,"href":"https:\/\/www.isi-education.com\/vi\/wp-json\/wp\/v2\/users\/44"}],"replies":[{"embeddable":true,"href":"https:\/\/www.isi-education.com\/vi\/wp-json\/wp\/v2\/comments?post=762"}],"version-history":[{"count":19,"href":"https:\/\/www.isi-education.com\/vi\/wp-json\/wp\/v2\/pages\/762\/revisions"}],"predecessor-version":[{"id":5666,"href":"https:\/\/www.isi-education.com\/vi\/wp-json\/wp\/v2\/pages\/762\/revisions\/5666"}],"up":[{"embeddable":true,"href":"https:\/\/www.isi-education.com\/vi\/wp-json\/wp\/v2\/pages\/633"}],"wp:attachment":[{"href":"https:\/\/www.isi-education.com\/vi\/wp-json\/wp\/v2\/media?parent=762"}],"curies":[{"name":"wp","href":"https:\/\/api.w.org\/{rel}","templated":true}]}}