{"id":753,"date":"2019-06-26T11:41:24","date_gmt":"2019-06-26T02:41:24","guid":{"rendered":"http:\/\/www.isi-education.com\/vi\/?page_id=753"},"modified":"2025-08-12T15:17:12","modified_gmt":"2025-08-12T06:17:12","slug":"course-fee-takadanobaba","status":"publish","type":"page","link":"https:\/\/www.isi-education.com\/vi\/application\/fee\/course-fee-takadanobaba_career_pathway\/","title":{"rendered":"H\u1ecdc ph\u00ed &#8211; Tokyo-C\u01a1 s\u1edf Tadakabobaba- kh\u00f3a \u0111i l\u00e0m"},"content":{"rendered":"","protected":false},"excerpt":{"rendered":"","protected":false},"author":44,"featured_media":0,"parent":598,"menu_order":1,"comment_status":"closed","ping_status":"closed","template":"template-page.php","meta":{"_acf_changed":false,"footnotes":""},"class_list":["post-753","page","type-page","status-publish","hentry"],"acf":[],"aioseo_notices":[],"_links":{"self":[{"href":"https:\/\/www.isi-education.com\/vi\/wp-json\/wp\/v2\/pages\/753","targetHints":{"allow":["GET"]}}],"collection":[{"href":"https:\/\/www.isi-education.com\/vi\/wp-json\/wp\/v2\/pages"}],"about":[{"href":"https:\/\/www.isi-education.com\/vi\/wp-json\/wp\/v2\/types\/page"}],"author":[{"embeddable":true,"href":"https:\/\/www.isi-education.com\/vi\/wp-json\/wp\/v2\/users\/44"}],"replies":[{"embeddable":true,"href":"https:\/\/www.isi-education.com\/vi\/wp-json\/wp\/v2\/comments?post=753"}],"version-history":[{"count":20,"href":"https:\/\/www.isi-education.com\/vi\/wp-json\/wp\/v2\/pages\/753\/revisions"}],"predecessor-version":[{"id":5908,"href":"https:\/\/www.isi-education.com\/vi\/wp-json\/wp\/v2\/pages\/753\/revisions\/5908"}],"up":[{"embeddable":true,"href":"https:\/\/www.isi-education.com\/vi\/wp-json\/wp\/v2\/pages\/598"}],"wp:attachment":[{"href":"https:\/\/www.isi-education.com\/vi\/wp-json\/wp\/v2\/media?parent=753"}],"curies":[{"name":"wp","href":"https:\/\/api.w.org\/{rel}","templated":true}]}}