{"id":611,"date":"2019-06-25T14:53:39","date_gmt":"2019-06-25T05:53:39","guid":{"rendered":"http:\/\/www.isi-education.com\/vi\/?page_id=611"},"modified":"2023-07-19T16:17:35","modified_gmt":"2023-07-19T07:17:35","slug":"pastor-de-arevalo-jose-romon","status":"publish","type":"page","link":"https:\/\/www.isi-education.com\/vi\/support\/graduate\/pastor-de-arevalo-jose-romon\/","title":{"rendered":"Th\u00f4ng \u0111i\u1ec7p t\u1eeb Jos\u00e9 Ram\u00f3n Pastor de Ar\u00e9valo"},"content":{"rendered":"","protected":false},"excerpt":{"rendered":"","protected":false},"author":44,"featured_media":0,"parent":604,"menu_order":201,"comment_status":"closed","ping_status":"closed","template":"template-people-single.php","meta":{"_acf_changed":false,"footnotes":""},"class_list":["post-611","page","type-page","status-publish","hentry"],"acf":[],"aioseo_notices":[],"_links":{"self":[{"href":"https:\/\/www.isi-education.com\/vi\/wp-json\/wp\/v2\/pages\/611","targetHints":{"allow":["GET"]}}],"collection":[{"href":"https:\/\/www.isi-education.com\/vi\/wp-json\/wp\/v2\/pages"}],"about":[{"href":"https:\/\/www.isi-education.com\/vi\/wp-json\/wp\/v2\/types\/page"}],"author":[{"embeddable":true,"href":"https:\/\/www.isi-education.com\/vi\/wp-json\/wp\/v2\/users\/44"}],"replies":[{"embeddable":true,"href":"https:\/\/www.isi-education.com\/vi\/wp-json\/wp\/v2\/comments?post=611"}],"version-history":[{"count":8,"href":"https:\/\/www.isi-education.com\/vi\/wp-json\/wp\/v2\/pages\/611\/revisions"}],"predecessor-version":[{"id":4879,"href":"https:\/\/www.isi-education.com\/vi\/wp-json\/wp\/v2\/pages\/611\/revisions\/4879"}],"up":[{"embeddable":true,"href":"https:\/\/www.isi-education.com\/vi\/wp-json\/wp\/v2\/pages\/604"}],"wp:attachment":[{"href":"https:\/\/www.isi-education.com\/vi\/wp-json\/wp\/v2\/media?parent=611"}],"curies":[{"name":"wp","href":"https:\/\/api.w.org\/{rel}","templated":true}]}}