{"id":6013,"date":"2025-10-24T16:09:21","date_gmt":"2025-10-24T07:09:21","guid":{"rendered":"https:\/\/www.isi-education.com\/vi\/?page_id=6013"},"modified":"2025-10-24T16:09:21","modified_gmt":"2025-10-24T07:09:21","slug":"long-vacation-period","status":"publish","type":"page","link":"https:\/\/www.isi-education.com\/vi\/school-life\/long-vacation-period\/","title":{"rendered":"H\u01b0\u1edbng d\u1eabn v\u1ec1 c\u00e1c ho\u1ea1t \u0111\u1ed9ng n\u1eb1m ngo\u00e0i ph\u1ea1m vi t\u00ecnh tr\u1ea1ng c\u01b0 tr\u00fa (l\u00e0m vi\u1ec7c b\u00e1n th\u1eddi gian) v\u00e0 th\u1eddi gian ngh\u1ec9 ph\u00e9p k\u00e9o d\u00e0i"},"content":{"rendered":"","protected":false},"excerpt":{"rendered":"","protected":false},"author":45,"featured_media":0,"parent":556,"menu_order":0,"comment_status":"closed","ping_status":"closed","template":"template-page.php","meta":{"_acf_changed":false,"footnotes":""},"class_list":["post-6013","page","type-page","status-publish","hentry"],"acf":[],"aioseo_notices":[],"_links":{"self":[{"href":"https:\/\/www.isi-education.com\/vi\/wp-json\/wp\/v2\/pages\/6013","targetHints":{"allow":["GET"]}}],"collection":[{"href":"https:\/\/www.isi-education.com\/vi\/wp-json\/wp\/v2\/pages"}],"about":[{"href":"https:\/\/www.isi-education.com\/vi\/wp-json\/wp\/v2\/types\/page"}],"author":[{"embeddable":true,"href":"https:\/\/www.isi-education.com\/vi\/wp-json\/wp\/v2\/users\/45"}],"replies":[{"embeddable":true,"href":"https:\/\/www.isi-education.com\/vi\/wp-json\/wp\/v2\/comments?post=6013"}],"version-history":[{"count":2,"href":"https:\/\/www.isi-education.com\/vi\/wp-json\/wp\/v2\/pages\/6013\/revisions"}],"predecessor-version":[{"id":6015,"href":"https:\/\/www.isi-education.com\/vi\/wp-json\/wp\/v2\/pages\/6013\/revisions\/6015"}],"up":[{"embeddable":true,"href":"https:\/\/www.isi-education.com\/vi\/wp-json\/wp\/v2\/pages\/556"}],"wp:attachment":[{"href":"https:\/\/www.isi-education.com\/vi\/wp-json\/wp\/v2\/media?parent=6013"}],"curies":[{"name":"wp","href":"https:\/\/api.w.org\/{rel}","templated":true}]}}