{"id":598,"date":"2019-06-07T14:43:18","date_gmt":"2019-06-07T05:43:18","guid":{"rendered":"http:\/\/www.isi-education.com\/vi\/?page_id=598"},"modified":"2026-02-06T17:00:58","modified_gmt":"2026-02-06T08:00:58","slug":"fee","status":"publish","type":"page","link":"https:\/\/www.isi-education.com\/vi\/application\/fee\/","title":{"rendered":"Chi ph\u00ed"},"content":{"rendered":"<p>Gi\u00e1 b\u1eb1ng \u0111\u1ed3ng Y\u00ean Nh\u1eadt \u2013 \u00e1p d\u1ee5ng t\u1eeb th\u00e1ng 4 n\u0103m 2025 \u0111\u1ebfn th\u00e1ng 3 n\u0103m 2026<\/p>\n","protected":false},"excerpt":{"rendered":"<p>Gi\u00e1 b\u1eb1ng \u0111\u1ed3ng Y\u00ean Nh\u1eadt \u2013 \u00e1p d\u1ee5ng t\u1eeb th\u00e1ng 4 n\u0103m 2025 \u0111\u1ebfn th\u00e1ng 3 n\u0103m 2026<\/p>\n","protected":false},"author":44,"featured_media":0,"parent":576,"menu_order":2,"comment_status":"closed","ping_status":"closed","template":"template-page.php","meta":{"_acf_changed":false,"footnotes":""},"class_list":["post-598","page","type-page","status-publish","hentry"],"acf":[],"aioseo_notices":[],"_links":{"self":[{"href":"https:\/\/www.isi-education.com\/vi\/wp-json\/wp\/v2\/pages\/598","targetHints":{"allow":["GET"]}}],"collection":[{"href":"https:\/\/www.isi-education.com\/vi\/wp-json\/wp\/v2\/pages"}],"about":[{"href":"https:\/\/www.isi-education.com\/vi\/wp-json\/wp\/v2\/types\/page"}],"author":[{"embeddable":true,"href":"https:\/\/www.isi-education.com\/vi\/wp-json\/wp\/v2\/users\/44"}],"replies":[{"embeddable":true,"href":"https:\/\/www.isi-education.com\/vi\/wp-json\/wp\/v2\/comments?post=598"}],"version-history":[{"count":21,"href":"https:\/\/www.isi-education.com\/vi\/wp-json\/wp\/v2\/pages\/598\/revisions"}],"predecessor-version":[{"id":6073,"href":"https:\/\/www.isi-education.com\/vi\/wp-json\/wp\/v2\/pages\/598\/revisions\/6073"}],"up":[{"embeddable":true,"href":"https:\/\/www.isi-education.com\/vi\/wp-json\/wp\/v2\/pages\/576"}],"wp:attachment":[{"href":"https:\/\/www.isi-education.com\/vi\/wp-json\/wp\/v2\/media?parent=598"}],"curies":[{"name":"wp","href":"https:\/\/api.w.org\/{rel}","templated":true}]}}