{"id":588,"date":"2019-06-13T23:09:23","date_gmt":"2019-06-13T14:09:23","guid":{"rendered":"http:\/\/www.isi-education.com\/vi\/?page_id=588"},"modified":"2025-08-19T11:32:25","modified_gmt":"2025-08-19T02:32:25","slug":"process","status":"publish","type":"page","link":"https:\/\/www.isi-education.com\/vi\/application\/process\/","title":{"rendered":"Quy tr\u00ecnh \u0111\u0103ng k\u00ed"},"content":{"rendered":"","protected":false},"excerpt":{"rendered":"","protected":false},"author":44,"featured_media":0,"parent":576,"menu_order":1,"comment_status":"closed","ping_status":"closed","template":"template-page.php","meta":{"_acf_changed":false,"footnotes":""},"class_list":["post-588","page","type-page","status-publish","hentry"],"acf":[],"aioseo_notices":[],"_links":{"self":[{"href":"https:\/\/www.isi-education.com\/vi\/wp-json\/wp\/v2\/pages\/588","targetHints":{"allow":["GET"]}}],"collection":[{"href":"https:\/\/www.isi-education.com\/vi\/wp-json\/wp\/v2\/pages"}],"about":[{"href":"https:\/\/www.isi-education.com\/vi\/wp-json\/wp\/v2\/types\/page"}],"author":[{"embeddable":true,"href":"https:\/\/www.isi-education.com\/vi\/wp-json\/wp\/v2\/users\/44"}],"replies":[{"embeddable":true,"href":"https:\/\/www.isi-education.com\/vi\/wp-json\/wp\/v2\/comments?post=588"}],"version-history":[{"count":22,"href":"https:\/\/www.isi-education.com\/vi\/wp-json\/wp\/v2\/pages\/588\/revisions"}],"predecessor-version":[{"id":5941,"href":"https:\/\/www.isi-education.com\/vi\/wp-json\/wp\/v2\/pages\/588\/revisions\/5941"}],"up":[{"embeddable":true,"href":"https:\/\/www.isi-education.com\/vi\/wp-json\/wp\/v2\/pages\/576"}],"wp:attachment":[{"href":"https:\/\/www.isi-education.com\/vi\/wp-json\/wp\/v2\/media?parent=588"}],"curies":[{"name":"wp","href":"https:\/\/api.w.org\/{rel}","templated":true}]}}