{"id":5816,"date":"2025-06-25T18:45:24","date_gmt":"2025-06-25T09:45:24","guid":{"rendered":"https:\/\/www.isi-education.com\/vi\/?page_id=5816"},"modified":"2025-08-12T15:04:30","modified_gmt":"2025-08-12T06:04:30","slug":"hoc-phi-tokyo-co-so-takadanobaba-khoa-hoc-len","status":"publish","type":"page","link":"https:\/\/www.isi-education.com\/vi\/application\/fee\/course-fee-takadanobaba_academic_pathway\/","title":{"rendered":"H\u1ecdc ph\u00ed &#8211; Tokyo-C\u01a1 s\u1edf Takadanobaba- kh\u00f3a h\u1ecdc l\u00ean"},"content":{"rendered":"<p>Th\u1eddi gian \u0111\u0103ng k\u00fd t\u1ed1i thi\u1ec3u l\u00e0 2 tu\u1ea7n.<\/p>\n","protected":false},"excerpt":{"rendered":"<p>Th\u1eddi gian \u0111\u0103ng k\u00fd t\u1ed1i thi\u1ec3u l\u00e0 2 tu\u1ea7n.<\/p>\n","protected":false},"author":45,"featured_media":0,"parent":598,"menu_order":2,"comment_status":"closed","ping_status":"closed","template":"template-page.php","meta":{"_acf_changed":false,"footnotes":""},"class_list":["post-5816","page","type-page","status-publish","hentry"],"acf":[],"aioseo_notices":[],"_links":{"self":[{"href":"https:\/\/www.isi-education.com\/vi\/wp-json\/wp\/v2\/pages\/5816","targetHints":{"allow":["GET"]}}],"collection":[{"href":"https:\/\/www.isi-education.com\/vi\/wp-json\/wp\/v2\/pages"}],"about":[{"href":"https:\/\/www.isi-education.com\/vi\/wp-json\/wp\/v2\/types\/page"}],"author":[{"embeddable":true,"href":"https:\/\/www.isi-education.com\/vi\/wp-json\/wp\/v2\/users\/45"}],"replies":[{"embeddable":true,"href":"https:\/\/www.isi-education.com\/vi\/wp-json\/wp\/v2\/comments?post=5816"}],"version-history":[{"count":3,"href":"https:\/\/www.isi-education.com\/vi\/wp-json\/wp\/v2\/pages\/5816\/revisions"}],"predecessor-version":[{"id":5907,"href":"https:\/\/www.isi-education.com\/vi\/wp-json\/wp\/v2\/pages\/5816\/revisions\/5907"}],"up":[{"embeddable":true,"href":"https:\/\/www.isi-education.com\/vi\/wp-json\/wp\/v2\/pages\/598"}],"wp:attachment":[{"href":"https:\/\/www.isi-education.com\/vi\/wp-json\/wp\/v2\/media?parent=5816"}],"curies":[{"name":"wp","href":"https:\/\/api.w.org\/{rel}","templated":true}]}}