{"id":5719,"date":"2025-02-25T14:53:21","date_gmt":"2025-02-25T05:53:21","guid":{"rendered":"https:\/\/www.isi-education.com\/vi\/%e2%98%85%e6%9d%b1%e4%ba%ac-%e9%ab%98%e7%94%b0%e9%a6%ac%e5%a0%b4%e6%a0%a1\/"},"modified":"2026-02-06T17:31:41","modified_gmt":"2026-02-06T08:31:41","slug":"career-takadanobaba","status":"publish","type":"page","link":"https:\/\/www.isi-education.com\/vi\/location\/takadanobaba_career_pathway\/","title":{"rendered":"Tokyo-C\u01a1 s\u1edf Tadakabobaba- kh\u00f3a \u0111i l\u00e0m"},"content":{"rendered":"","protected":false},"excerpt":{"rendered":"","protected":false},"author":45,"featured_media":0,"parent":2970,"menu_order":0,"comment_status":"closed","ping_status":"closed","template":"template-location-single.php","meta":{"_acf_changed":false,"footnotes":""},"class_list":["post-5719","page","type-page","status-publish","hentry"],"acf":[],"aioseo_notices":[],"_links":{"self":[{"href":"https:\/\/www.isi-education.com\/vi\/wp-json\/wp\/v2\/pages\/5719","targetHints":{"allow":["GET"]}}],"collection":[{"href":"https:\/\/www.isi-education.com\/vi\/wp-json\/wp\/v2\/pages"}],"about":[{"href":"https:\/\/www.isi-education.com\/vi\/wp-json\/wp\/v2\/types\/page"}],"author":[{"embeddable":true,"href":"https:\/\/www.isi-education.com\/vi\/wp-json\/wp\/v2\/users\/45"}],"replies":[{"embeddable":true,"href":"https:\/\/www.isi-education.com\/vi\/wp-json\/wp\/v2\/comments?post=5719"}],"version-history":[{"count":12,"href":"https:\/\/www.isi-education.com\/vi\/wp-json\/wp\/v2\/pages\/5719\/revisions"}],"predecessor-version":[{"id":6076,"href":"https:\/\/www.isi-education.com\/vi\/wp-json\/wp\/v2\/pages\/5719\/revisions\/6076"}],"up":[{"embeddable":true,"href":"https:\/\/www.isi-education.com\/vi\/wp-json\/wp\/v2\/pages\/2970"}],"wp:attachment":[{"href":"https:\/\/www.isi-education.com\/vi\/wp-json\/wp\/v2\/media?parent=5719"}],"curies":[{"name":"wp","href":"https:\/\/api.w.org\/{rel}","templated":true}]}}