{"id":504,"date":"2019-06-04T21:51:07","date_gmt":"2019-06-04T12:51:07","guid":{"rendered":"http:\/\/www.isi-education.com\/vi\/?page_id=504"},"modified":"2025-09-12T16:11:08","modified_gmt":"2025-09-12T07:11:08","slug":"iwabuchi","status":"publish","type":"page","link":"https:\/\/www.isi-education.com\/vi\/about\/staff\/iwabuchi\/","title":{"rendered":"Gi\u00e1o vi\u00ean nh\u00e0 tr\u01b0\u1eddng &#8211; Atsushi Iwabuchi"},"content":{"rendered":"","protected":false},"excerpt":{"rendered":"","protected":false},"author":44,"featured_media":0,"parent":3988,"menu_order":22,"comment_status":"closed","ping_status":"closed","template":"template-people-single.php","meta":{"_acf_changed":false,"footnotes":""},"class_list":["post-504","page","type-page","status-publish","hentry"],"acf":[],"aioseo_notices":[],"_links":{"self":[{"href":"https:\/\/www.isi-education.com\/vi\/wp-json\/wp\/v2\/pages\/504","targetHints":{"allow":["GET"]}}],"collection":[{"href":"https:\/\/www.isi-education.com\/vi\/wp-json\/wp\/v2\/pages"}],"about":[{"href":"https:\/\/www.isi-education.com\/vi\/wp-json\/wp\/v2\/types\/page"}],"author":[{"embeddable":true,"href":"https:\/\/www.isi-education.com\/vi\/wp-json\/wp\/v2\/users\/44"}],"replies":[{"embeddable":true,"href":"https:\/\/www.isi-education.com\/vi\/wp-json\/wp\/v2\/comments?post=504"}],"version-history":[{"count":11,"href":"https:\/\/www.isi-education.com\/vi\/wp-json\/wp\/v2\/pages\/504\/revisions"}],"predecessor-version":[{"id":5995,"href":"https:\/\/www.isi-education.com\/vi\/wp-json\/wp\/v2\/pages\/504\/revisions\/5995"}],"up":[{"embeddable":true,"href":"https:\/\/www.isi-education.com\/vi\/wp-json\/wp\/v2\/pages\/3988"}],"wp:attachment":[{"href":"https:\/\/www.isi-education.com\/vi\/wp-json\/wp\/v2\/media?parent=504"}],"curies":[{"name":"wp","href":"https:\/\/api.w.org\/{rel}","templated":true}]}}