{"id":5036,"date":"2023-10-25T20:12:48","date_gmt":"2023-10-25T11:12:48","guid":{"rendered":"https:\/\/www.isi-education.com\/vi\/%ef%bc%bb%e5%ad%a6%e7%94%9f%e5%af%ae%ef%bc%bd%e5%bf%97%e8%8c%82%e3%82%a4%e3%83%b3%e3%82%bf%e3%83%bc%e3%83%8a%e3%82%b7%e3%83%a7%e3%83%8a%e3%83%ab%e3%83%8f%e3%82%a6%e3%82%b9\/"},"modified":"2024-08-07T16:08:04","modified_gmt":"2024-08-07T07:08:04","slug":"student-house-shimo","status":"publish","type":"page","link":"https:\/\/www.isi-education.com\/vi\/application\/accommodation\/student-house-shimo\/","title":{"rendered":"K\u00ed t\u00fac x\u00e1 \u2013 Nh\u00e0 qu\u1ed1c t\u1ebf Shimo"},"content":{"rendered":"","protected":false},"excerpt":{"rendered":"","protected":false},"author":45,"featured_media":0,"parent":633,"menu_order":6,"comment_status":"closed","ping_status":"closed","template":"template-page.php","meta":{"_acf_changed":false,"footnotes":""},"class_list":["post-5036","page","type-page","status-publish","hentry"],"acf":[],"aioseo_notices":[],"_links":{"self":[{"href":"https:\/\/www.isi-education.com\/vi\/wp-json\/wp\/v2\/pages\/5036","targetHints":{"allow":["GET"]}}],"collection":[{"href":"https:\/\/www.isi-education.com\/vi\/wp-json\/wp\/v2\/pages"}],"about":[{"href":"https:\/\/www.isi-education.com\/vi\/wp-json\/wp\/v2\/types\/page"}],"author":[{"embeddable":true,"href":"https:\/\/www.isi-education.com\/vi\/wp-json\/wp\/v2\/users\/45"}],"replies":[{"embeddable":true,"href":"https:\/\/www.isi-education.com\/vi\/wp-json\/wp\/v2\/comments?post=5036"}],"version-history":[{"count":10,"href":"https:\/\/www.isi-education.com\/vi\/wp-json\/wp\/v2\/pages\/5036\/revisions"}],"predecessor-version":[{"id":5540,"href":"https:\/\/www.isi-education.com\/vi\/wp-json\/wp\/v2\/pages\/5036\/revisions\/5540"}],"up":[{"embeddable":true,"href":"https:\/\/www.isi-education.com\/vi\/wp-json\/wp\/v2\/pages\/633"}],"wp:attachment":[{"href":"https:\/\/www.isi-education.com\/vi\/wp-json\/wp\/v2\/media?parent=5036"}],"curies":[{"name":"wp","href":"https:\/\/api.w.org\/{rel}","templated":true}]}}