{"id":500,"date":"2019-06-04T22:54:32","date_gmt":"2019-06-04T13:54:32","guid":{"rendered":"http:\/\/www.isi-education.com\/vi\/?page_id=500"},"modified":"2023-07-10T08:55:16","modified_gmt":"2023-07-09T23:55:16","slug":"c_suzuki","status":"publish","type":"page","link":"https:\/\/www.isi-education.com\/vi\/about\/staff\/c_suzuki\/","title":{"rendered":"Gi\u00e1o vi\u00ean nh\u00e0 tr\u01b0\u1eddng &#8211; Chie Suzuki"},"content":{"rendered":"","protected":false},"excerpt":{"rendered":"","protected":false},"author":44,"featured_media":0,"parent":3988,"menu_order":12,"comment_status":"closed","ping_status":"closed","template":"template-people-single.php","meta":{"_acf_changed":false,"footnotes":""},"class_list":["post-500","page","type-page","status-publish","hentry"],"acf":[],"aioseo_notices":[],"_links":{"self":[{"href":"https:\/\/www.isi-education.com\/vi\/wp-json\/wp\/v2\/pages\/500","targetHints":{"allow":["GET"]}}],"collection":[{"href":"https:\/\/www.isi-education.com\/vi\/wp-json\/wp\/v2\/pages"}],"about":[{"href":"https:\/\/www.isi-education.com\/vi\/wp-json\/wp\/v2\/types\/page"}],"author":[{"embeddable":true,"href":"https:\/\/www.isi-education.com\/vi\/wp-json\/wp\/v2\/users\/44"}],"replies":[{"embeddable":true,"href":"https:\/\/www.isi-education.com\/vi\/wp-json\/wp\/v2\/comments?post=500"}],"version-history":[{"count":8,"href":"https:\/\/www.isi-education.com\/vi\/wp-json\/wp\/v2\/pages\/500\/revisions"}],"predecessor-version":[{"id":3997,"href":"https:\/\/www.isi-education.com\/vi\/wp-json\/wp\/v2\/pages\/500\/revisions\/3997"}],"up":[{"embeddable":true,"href":"https:\/\/www.isi-education.com\/vi\/wp-json\/wp\/v2\/pages\/3988"}],"wp:attachment":[{"href":"https:\/\/www.isi-education.com\/vi\/wp-json\/wp\/v2\/media?parent=500"}],"curies":[{"name":"wp","href":"https:\/\/api.w.org\/{rel}","templated":true}]}}