{"id":4855,"date":"2023-06-26T14:31:06","date_gmt":"2023-06-26T05:31:06","guid":{"rendered":"https:\/\/www.isi-education.com\/vi\/?page_id=4855"},"modified":"2025-09-10T17:55:52","modified_gmt":"2025-09-10T08:55:52","slug":"ide","status":"publish","type":"page","link":"https:\/\/www.isi-education.com\/vi\/about\/staff\/ide\/","title":{"rendered":"Gi\u00e1o vi\u00ean nh\u00e0 tr\u01b0\u1eddng &#8211; Chihomi Ide"},"content":{"rendered":"","protected":false},"excerpt":{"rendered":"","protected":false},"author":45,"featured_media":0,"parent":3988,"menu_order":21,"comment_status":"closed","ping_status":"closed","template":"template-people-single.php","meta":{"_acf_changed":false,"footnotes":""},"class_list":["post-4855","page","type-page","status-publish","hentry"],"acf":[],"aioseo_notices":[],"_links":{"self":[{"href":"https:\/\/www.isi-education.com\/vi\/wp-json\/wp\/v2\/pages\/4855","targetHints":{"allow":["GET"]}}],"collection":[{"href":"https:\/\/www.isi-education.com\/vi\/wp-json\/wp\/v2\/pages"}],"about":[{"href":"https:\/\/www.isi-education.com\/vi\/wp-json\/wp\/v2\/types\/page"}],"author":[{"embeddable":true,"href":"https:\/\/www.isi-education.com\/vi\/wp-json\/wp\/v2\/users\/45"}],"replies":[{"embeddable":true,"href":"https:\/\/www.isi-education.com\/vi\/wp-json\/wp\/v2\/comments?post=4855"}],"version-history":[{"count":4,"href":"https:\/\/www.isi-education.com\/vi\/wp-json\/wp\/v2\/pages\/4855\/revisions"}],"predecessor-version":[{"id":5982,"href":"https:\/\/www.isi-education.com\/vi\/wp-json\/wp\/v2\/pages\/4855\/revisions\/5982"}],"up":[{"embeddable":true,"href":"https:\/\/www.isi-education.com\/vi\/wp-json\/wp\/v2\/pages\/3988"}],"wp:attachment":[{"href":"https:\/\/www.isi-education.com\/vi\/wp-json\/wp\/v2\/media?parent=4855"}],"curies":[{"name":"wp","href":"https:\/\/api.w.org\/{rel}","templated":true}]}}