{"id":4830,"date":"2023-06-09T18:40:42","date_gmt":"2023-06-09T09:40:42","guid":{"rendered":"https:\/\/www.isi-education.com\/vi\/?page_id=4830"},"modified":"2025-09-11T09:30:57","modified_gmt":"2025-09-11T00:30:57","slug":"sekine","status":"publish","type":"page","link":"https:\/\/www.isi-education.com\/vi\/about\/staff\/sekine\/","title":{"rendered":"Gi\u00e1o vi\u00ean nh\u00e0 tr\u01b0\u1eddng \u2013 Manami Sekine"},"content":{"rendered":"","protected":false},"excerpt":{"rendered":"","protected":false},"author":45,"featured_media":0,"parent":3988,"menu_order":61,"comment_status":"closed","ping_status":"closed","template":"template-people-single.php","meta":{"_acf_changed":false,"footnotes":""},"class_list":["post-4830","page","type-page","status-publish","hentry"],"acf":[],"aioseo_notices":[],"_links":{"self":[{"href":"https:\/\/www.isi-education.com\/vi\/wp-json\/wp\/v2\/pages\/4830","targetHints":{"allow":["GET"]}}],"collection":[{"href":"https:\/\/www.isi-education.com\/vi\/wp-json\/wp\/v2\/pages"}],"about":[{"href":"https:\/\/www.isi-education.com\/vi\/wp-json\/wp\/v2\/types\/page"}],"author":[{"embeddable":true,"href":"https:\/\/www.isi-education.com\/vi\/wp-json\/wp\/v2\/users\/45"}],"replies":[{"embeddable":true,"href":"https:\/\/www.isi-education.com\/vi\/wp-json\/wp\/v2\/comments?post=4830"}],"version-history":[{"count":5,"href":"https:\/\/www.isi-education.com\/vi\/wp-json\/wp\/v2\/pages\/4830\/revisions"}],"predecessor-version":[{"id":5989,"href":"https:\/\/www.isi-education.com\/vi\/wp-json\/wp\/v2\/pages\/4830\/revisions\/5989"}],"up":[{"embeddable":true,"href":"https:\/\/www.isi-education.com\/vi\/wp-json\/wp\/v2\/pages\/3988"}],"wp:attachment":[{"href":"https:\/\/www.isi-education.com\/vi\/wp-json\/wp\/v2\/media?parent=4830"}],"curies":[{"name":"wp","href":"https:\/\/api.w.org\/{rel}","templated":true}]}}