{"id":4359,"date":"2022-06-17T12:29:16","date_gmt":"2022-06-17T03:29:16","guid":{"rendered":"https:\/\/www.isi-education.com\/vi\/?page_id=4359"},"modified":"2025-09-10T14:51:24","modified_gmt":"2025-09-10T05:51:24","slug":"m_ogawara","status":"publish","type":"page","link":"https:\/\/www.isi-education.com\/vi\/about\/staff\/m_ogawara\/","title":{"rendered":"Gi\u00e1o vi\u00ean nh\u00e0 tr\u01b0\u1eddng \u2013 Maki Ogawara"},"content":{"rendered":"","protected":false},"excerpt":{"rendered":"","protected":false},"author":45,"featured_media":0,"parent":3988,"menu_order":32,"comment_status":"closed","ping_status":"closed","template":"template-people-single.php","meta":{"_acf_changed":false,"footnotes":""},"class_list":["post-4359","page","type-page","status-publish","hentry"],"acf":[],"aioseo_notices":[],"_links":{"self":[{"href":"https:\/\/www.isi-education.com\/vi\/wp-json\/wp\/v2\/pages\/4359","targetHints":{"allow":["GET"]}}],"collection":[{"href":"https:\/\/www.isi-education.com\/vi\/wp-json\/wp\/v2\/pages"}],"about":[{"href":"https:\/\/www.isi-education.com\/vi\/wp-json\/wp\/v2\/types\/page"}],"author":[{"embeddable":true,"href":"https:\/\/www.isi-education.com\/vi\/wp-json\/wp\/v2\/users\/45"}],"replies":[{"embeddable":true,"href":"https:\/\/www.isi-education.com\/vi\/wp-json\/wp\/v2\/comments?post=4359"}],"version-history":[{"count":4,"href":"https:\/\/www.isi-education.com\/vi\/wp-json\/wp\/v2\/pages\/4359\/revisions"}],"predecessor-version":[{"id":5976,"href":"https:\/\/www.isi-education.com\/vi\/wp-json\/wp\/v2\/pages\/4359\/revisions\/5976"}],"up":[{"embeddable":true,"href":"https:\/\/www.isi-education.com\/vi\/wp-json\/wp\/v2\/pages\/3988"}],"wp:attachment":[{"href":"https:\/\/www.isi-education.com\/vi\/wp-json\/wp\/v2\/media?parent=4359"}],"curies":[{"name":"wp","href":"https:\/\/api.w.org\/{rel}","templated":true}]}}