{"id":4353,"date":"2022-06-17T09:26:57","date_gmt":"2022-06-17T00:26:57","guid":{"rendered":"https:\/\/www.isi-education.com\/vi\/?page_id=4353"},"modified":"2024-04-12T11:57:28","modified_gmt":"2024-04-12T02:57:28","slug":"n_hori","status":"publish","type":"page","link":"https:\/\/www.isi-education.com\/vi\/about\/staff\/n_hori\/","title":{"rendered":"Gi\u00e1o vi\u00ean nh\u00e0 tr\u01b0\u1eddng \u2013 Natsuko Hori"},"content":{"rendered":"","protected":false},"excerpt":{"rendered":"","protected":false},"author":45,"featured_media":0,"parent":3988,"menu_order":31,"comment_status":"closed","ping_status":"closed","template":"template-people-single.php","meta":{"_acf_changed":false,"footnotes":""},"class_list":["post-4353","page","type-page","status-publish","hentry"],"acf":[],"aioseo_notices":[],"_links":{"self":[{"href":"https:\/\/www.isi-education.com\/vi\/wp-json\/wp\/v2\/pages\/4353","targetHints":{"allow":["GET"]}}],"collection":[{"href":"https:\/\/www.isi-education.com\/vi\/wp-json\/wp\/v2\/pages"}],"about":[{"href":"https:\/\/www.isi-education.com\/vi\/wp-json\/wp\/v2\/types\/page"}],"author":[{"embeddable":true,"href":"https:\/\/www.isi-education.com\/vi\/wp-json\/wp\/v2\/users\/45"}],"replies":[{"embeddable":true,"href":"https:\/\/www.isi-education.com\/vi\/wp-json\/wp\/v2\/comments?post=4353"}],"version-history":[{"count":4,"href":"https:\/\/www.isi-education.com\/vi\/wp-json\/wp\/v2\/pages\/4353\/revisions"}],"predecessor-version":[{"id":5299,"href":"https:\/\/www.isi-education.com\/vi\/wp-json\/wp\/v2\/pages\/4353\/revisions\/5299"}],"up":[{"embeddable":true,"href":"https:\/\/www.isi-education.com\/vi\/wp-json\/wp\/v2\/pages\/3988"}],"wp:attachment":[{"href":"https:\/\/www.isi-education.com\/vi\/wp-json\/wp\/v2\/media?parent=4353"}],"curies":[{"name":"wp","href":"https:\/\/api.w.org\/{rel}","templated":true}]}}