{"id":3867,"date":"2022-01-05T09:23:56","date_gmt":"2022-01-05T00:23:56","guid":{"rendered":"https:\/\/www.isi-education.com\/vi\/%ef%bc%bb%e6%95%99%e8%81%b7%e5%93%a1%e7%b4%b9%e4%bb%8b%ef%bc%bd%e6%9d%8e%e6%98%8e%e6%b1%9f-%e5%85%88%e7%94%9f\/"},"modified":"2024-04-12T11:58:15","modified_gmt":"2024-04-12T02:58:15","slug":"yukasato","status":"publish","type":"page","link":"https:\/\/www.isi-education.com\/vi\/about\/staff\/yukasato\/","title":{"rendered":"Gi\u00e1o vi\u00ean nh\u00e0 tr\u01b0\u1eddng \u2013 Yuka Sato"},"content":{"rendered":"","protected":false},"excerpt":{"rendered":"","protected":false},"author":45,"featured_media":0,"parent":3988,"menu_order":41,"comment_status":"closed","ping_status":"closed","template":"template-people-single.php","meta":{"_acf_changed":false,"footnotes":""},"class_list":["post-3867","page","type-page","status-publish","hentry"],"acf":[],"aioseo_notices":[],"_links":{"self":[{"href":"https:\/\/www.isi-education.com\/vi\/wp-json\/wp\/v2\/pages\/3867","targetHints":{"allow":["GET"]}}],"collection":[{"href":"https:\/\/www.isi-education.com\/vi\/wp-json\/wp\/v2\/pages"}],"about":[{"href":"https:\/\/www.isi-education.com\/vi\/wp-json\/wp\/v2\/types\/page"}],"author":[{"embeddable":true,"href":"https:\/\/www.isi-education.com\/vi\/wp-json\/wp\/v2\/users\/45"}],"replies":[{"embeddable":true,"href":"https:\/\/www.isi-education.com\/vi\/wp-json\/wp\/v2\/comments?post=3867"}],"version-history":[{"count":6,"href":"https:\/\/www.isi-education.com\/vi\/wp-json\/wp\/v2\/pages\/3867\/revisions"}],"predecessor-version":[{"id":5300,"href":"https:\/\/www.isi-education.com\/vi\/wp-json\/wp\/v2\/pages\/3867\/revisions\/5300"}],"up":[{"embeddable":true,"href":"https:\/\/www.isi-education.com\/vi\/wp-json\/wp\/v2\/pages\/3988"}],"wp:attachment":[{"href":"https:\/\/www.isi-education.com\/vi\/wp-json\/wp\/v2\/media?parent=3867"}],"curies":[{"name":"wp","href":"https:\/\/api.w.org\/{rel}","templated":true}]}}