{"id":3715,"date":"2021-11-18T11:35:51","date_gmt":"2021-11-18T02:35:51","guid":{"rendered":"https:\/\/www.isi-education.com\/vi\/%ef%bc%bb%e6%95%99%e8%81%b7%e5%93%a1%e7%b4%b9%e4%bb%8b%ef%bc%bd%e6%b8%a1%e9%82%89-%e3%81%aa%e3%81%bf-%e5%85%88%e7%94%9f\/"},"modified":"2025-09-12T14:37:32","modified_gmt":"2025-09-12T05:37:32","slug":"watanabe","status":"publish","type":"page","link":"https:\/\/www.isi-education.com\/vi\/about\/staff\/watanabe\/","title":{"rendered":"Gi\u00e1o vi\u00ean nh\u00e0 tr\u01b0\u1eddng \u2013 Nami Watanabe"},"content":{"rendered":"","protected":false},"excerpt":{"rendered":"","protected":false},"author":45,"featured_media":0,"parent":3988,"menu_order":53,"comment_status":"closed","ping_status":"closed","template":"template-people-single.php","meta":{"_acf_changed":false,"footnotes":""},"class_list":["post-3715","page","type-page","status-publish","hentry"],"acf":[],"aioseo_notices":[],"_links":{"self":[{"href":"https:\/\/www.isi-education.com\/vi\/wp-json\/wp\/v2\/pages\/3715","targetHints":{"allow":["GET"]}}],"collection":[{"href":"https:\/\/www.isi-education.com\/vi\/wp-json\/wp\/v2\/pages"}],"about":[{"href":"https:\/\/www.isi-education.com\/vi\/wp-json\/wp\/v2\/types\/page"}],"author":[{"embeddable":true,"href":"https:\/\/www.isi-education.com\/vi\/wp-json\/wp\/v2\/users\/45"}],"replies":[{"embeddable":true,"href":"https:\/\/www.isi-education.com\/vi\/wp-json\/wp\/v2\/comments?post=3715"}],"version-history":[{"count":9,"href":"https:\/\/www.isi-education.com\/vi\/wp-json\/wp\/v2\/pages\/3715\/revisions"}],"predecessor-version":[{"id":5994,"href":"https:\/\/www.isi-education.com\/vi\/wp-json\/wp\/v2\/pages\/3715\/revisions\/5994"}],"up":[{"embeddable":true,"href":"https:\/\/www.isi-education.com\/vi\/wp-json\/wp\/v2\/pages\/3988"}],"wp:attachment":[{"href":"https:\/\/www.isi-education.com\/vi\/wp-json\/wp\/v2\/media?parent=3715"}],"curies":[{"name":"wp","href":"https:\/\/api.w.org\/{rel}","templated":true}]}}