{"id":3702,"date":"2021-11-18T08:44:19","date_gmt":"2021-11-17T23:44:19","guid":{"rendered":"https:\/\/www.isi-education.com\/vi\/%ef%bc%bb%e6%95%99%e8%81%b7%e5%93%a1%e7%b4%b9%e4%bb%8b%ef%bc%bd%e9%9d%92%e6%9c%a8-%e8%8f%9c%e7%a9%82%e5%ad%90-%e5%85%88%e7%94%9f\/"},"modified":"2025-09-11T08:15:40","modified_gmt":"2025-09-10T23:15:40","slug":"aoki","status":"publish","type":"page","link":"https:\/\/www.isi-education.com\/vi\/about\/staff\/aoki\/","title":{"rendered":"Gi\u00e1o vi\u00ean nh\u00e0 tr\u01b0\u1eddng \u2013 Naoko Aoki"},"content":{"rendered":"","protected":false},"excerpt":{"rendered":"","protected":false},"author":45,"featured_media":0,"parent":3988,"menu_order":51,"comment_status":"closed","ping_status":"closed","template":"template-people-single.php","meta":{"_acf_changed":false,"footnotes":""},"class_list":["post-3702","page","type-page","status-publish","hentry"],"acf":[],"aioseo_notices":[],"_links":{"self":[{"href":"https:\/\/www.isi-education.com\/vi\/wp-json\/wp\/v2\/pages\/3702","targetHints":{"allow":["GET"]}}],"collection":[{"href":"https:\/\/www.isi-education.com\/vi\/wp-json\/wp\/v2\/pages"}],"about":[{"href":"https:\/\/www.isi-education.com\/vi\/wp-json\/wp\/v2\/types\/page"}],"author":[{"embeddable":true,"href":"https:\/\/www.isi-education.com\/vi\/wp-json\/wp\/v2\/users\/45"}],"replies":[{"embeddable":true,"href":"https:\/\/www.isi-education.com\/vi\/wp-json\/wp\/v2\/comments?post=3702"}],"version-history":[{"count":9,"href":"https:\/\/www.isi-education.com\/vi\/wp-json\/wp\/v2\/pages\/3702\/revisions"}],"predecessor-version":[{"id":5985,"href":"https:\/\/www.isi-education.com\/vi\/wp-json\/wp\/v2\/pages\/3702\/revisions\/5985"}],"up":[{"embeddable":true,"href":"https:\/\/www.isi-education.com\/vi\/wp-json\/wp\/v2\/pages\/3988"}],"wp:attachment":[{"href":"https:\/\/www.isi-education.com\/vi\/wp-json\/wp\/v2\/media?parent=3702"}],"curies":[{"name":"wp","href":"https:\/\/api.w.org\/{rel}","templated":true}]}}