{"id":3152,"date":"2021-06-01T15:25:23","date_gmt":"2021-06-01T06:25:23","guid":{"rendered":"https:\/\/www.isi-education.com\/vi\/?page_id=3152"},"modified":"2025-07-10T19:18:01","modified_gmt":"2025-07-10T10:18:01","slug":"trial-lesson","status":"publish","type":"page","link":"https:\/\/www.isi-education.com\/vi\/trial-lesson","title":{"rendered":"\u0110ang ti\u1ebfp nh\u1eadn \u0111\u0103ng k\u00ed l\u1edbp h\u1ecdc th\u1eed mi\u1ec5n ph\u00ed!"},"content":{"rendered":"","protected":false},"excerpt":{"rendered":"","protected":false},"author":44,"featured_media":0,"parent":0,"menu_order":73,"comment_status":"closed","ping_status":"closed","template":"template-page.php","meta":{"_acf_changed":false,"footnotes":""},"class_list":["post-3152","page","type-page","status-publish","hentry"],"acf":[],"aioseo_notices":[],"_links":{"self":[{"href":"https:\/\/www.isi-education.com\/vi\/wp-json\/wp\/v2\/pages\/3152","targetHints":{"allow":["GET"]}}],"collection":[{"href":"https:\/\/www.isi-education.com\/vi\/wp-json\/wp\/v2\/pages"}],"about":[{"href":"https:\/\/www.isi-education.com\/vi\/wp-json\/wp\/v2\/types\/page"}],"author":[{"embeddable":true,"href":"https:\/\/www.isi-education.com\/vi\/wp-json\/wp\/v2\/users\/44"}],"replies":[{"embeddable":true,"href":"https:\/\/www.isi-education.com\/vi\/wp-json\/wp\/v2\/comments?post=3152"}],"version-history":[{"count":15,"href":"https:\/\/www.isi-education.com\/vi\/wp-json\/wp\/v2\/pages\/3152\/revisions"}],"predecessor-version":[{"id":5867,"href":"https:\/\/www.isi-education.com\/vi\/wp-json\/wp\/v2\/pages\/3152\/revisions\/5867"}],"wp:attachment":[{"href":"https:\/\/www.isi-education.com\/vi\/wp-json\/wp\/v2\/media?parent=3152"}],"curies":[{"name":"wp","href":"https:\/\/api.w.org\/{rel}","templated":true}]}}