{"id":2221,"date":"2020-09-16T10:25:36","date_gmt":"2020-09-16T01:25:36","guid":{"rendered":"https:\/\/www.isi-education.com\/vi\/?page_id=2221"},"modified":"2025-09-10T15:15:26","modified_gmt":"2025-09-10T06:15:26","slug":"kameda","status":"publish","type":"page","link":"https:\/\/www.isi-education.com\/vi\/about\/staff\/kano\/","title":{"rendered":"Gi\u00e1o vi\u00ean nh\u00e0 tr\u01b0\u1eddng \u2013 Mizuki Kano"},"content":{"rendered":"","protected":false},"excerpt":{"rendered":"","protected":false},"author":44,"featured_media":0,"parent":3988,"menu_order":13,"comment_status":"closed","ping_status":"closed","template":"template-people-single.php","meta":{"_acf_changed":false,"footnotes":""},"class_list":["post-2221","page","type-page","status-publish","hentry"],"acf":[],"aioseo_notices":[],"_links":{"self":[{"href":"https:\/\/www.isi-education.com\/vi\/wp-json\/wp\/v2\/pages\/2221","targetHints":{"allow":["GET"]}}],"collection":[{"href":"https:\/\/www.isi-education.com\/vi\/wp-json\/wp\/v2\/pages"}],"about":[{"href":"https:\/\/www.isi-education.com\/vi\/wp-json\/wp\/v2\/types\/page"}],"author":[{"embeddable":true,"href":"https:\/\/www.isi-education.com\/vi\/wp-json\/wp\/v2\/users\/44"}],"replies":[{"embeddable":true,"href":"https:\/\/www.isi-education.com\/vi\/wp-json\/wp\/v2\/comments?post=2221"}],"version-history":[{"count":7,"href":"https:\/\/www.isi-education.com\/vi\/wp-json\/wp\/v2\/pages\/2221\/revisions"}],"predecessor-version":[{"id":5978,"href":"https:\/\/www.isi-education.com\/vi\/wp-json\/wp\/v2\/pages\/2221\/revisions\/5978"}],"up":[{"embeddable":true,"href":"https:\/\/www.isi-education.com\/vi\/wp-json\/wp\/v2\/pages\/3988"}],"wp:attachment":[{"href":"https:\/\/www.isi-education.com\/vi\/wp-json\/wp\/v2\/media?parent=2221"}],"curies":[{"name":"wp","href":"https:\/\/api.w.org\/{rel}","templated":true}]}}