{"id":1432,"date":"2019-10-03T10:29:48","date_gmt":"2019-10-03T01:29:48","guid":{"rendered":"https:\/\/www.isi-education.com\/vi\/?page_id=1432"},"modified":"2025-09-10T14:51:08","modified_gmt":"2025-09-10T05:51:08","slug":"m_miyasaka","status":"publish","type":"page","link":"https:\/\/www.isi-education.com\/vi\/about\/staff\/m_miyasaka\/","title":{"rendered":"Gi\u00e1o vi\u00ean nh\u00e0 tr\u01b0\u1eddng \u2013 Mina Miyasaka"},"content":{"rendered":"","protected":false},"excerpt":{"rendered":"","protected":false},"author":44,"featured_media":0,"parent":3988,"menu_order":43,"comment_status":"closed","ping_status":"closed","template":"template-people-single.php","meta":{"_acf_changed":false,"footnotes":""},"class_list":["post-1432","page","type-page","status-publish","hentry"],"acf":[],"aioseo_notices":[],"_links":{"self":[{"href":"https:\/\/www.isi-education.com\/vi\/wp-json\/wp\/v2\/pages\/1432","targetHints":{"allow":["GET"]}}],"collection":[{"href":"https:\/\/www.isi-education.com\/vi\/wp-json\/wp\/v2\/pages"}],"about":[{"href":"https:\/\/www.isi-education.com\/vi\/wp-json\/wp\/v2\/types\/page"}],"author":[{"embeddable":true,"href":"https:\/\/www.isi-education.com\/vi\/wp-json\/wp\/v2\/users\/44"}],"replies":[{"embeddable":true,"href":"https:\/\/www.isi-education.com\/vi\/wp-json\/wp\/v2\/comments?post=1432"}],"version-history":[{"count":7,"href":"https:\/\/www.isi-education.com\/vi\/wp-json\/wp\/v2\/pages\/1432\/revisions"}],"predecessor-version":[{"id":5975,"href":"https:\/\/www.isi-education.com\/vi\/wp-json\/wp\/v2\/pages\/1432\/revisions\/5975"}],"up":[{"embeddable":true,"href":"https:\/\/www.isi-education.com\/vi\/wp-json\/wp\/v2\/pages\/3988"}],"wp:attachment":[{"href":"https:\/\/www.isi-education.com\/vi\/wp-json\/wp\/v2\/media?parent=1432"}],"curies":[{"name":"wp","href":"https:\/\/api.w.org\/{rel}","templated":true}]}}