{"id":500,"date":"2017-02-03T15:43:41","date_gmt":"2017-02-03T06:43:41","guid":{"rendered":"http:\/\/www.isi-education.com\/pt\/asistencia-para-el-acceso-a-educacion-superior\/"},"modified":"2025-11-28T16:34:01","modified_gmt":"2025-11-28T07:34:01","slug":"higher-education","status":"publish","type":"page","link":"https:\/\/www.isi-education.com\/pt\/support\/higher-education\/","title":{"rendered":"Assist\u00eancia no acesso a educa\u00e7\u00e3o superior"},"content":{"rendered":"","protected":false},"excerpt":{"rendered":"","protected":false},"author":44,"featured_media":0,"parent":499,"menu_order":1,"comment_status":"closed","ping_status":"closed","template":"template-page.php","meta":{"_acf_changed":false,"footnotes":""},"class_list":["post-500","page","type-page","status-publish","hentry"],"acf":[],"aioseo_notices":[],"_links":{"self":[{"href":"https:\/\/www.isi-education.com\/pt\/wp-json\/wp\/v2\/pages\/500","targetHints":{"allow":["GET"]}}],"collection":[{"href":"https:\/\/www.isi-education.com\/pt\/wp-json\/wp\/v2\/pages"}],"about":[{"href":"https:\/\/www.isi-education.com\/pt\/wp-json\/wp\/v2\/types\/page"}],"author":[{"embeddable":true,"href":"https:\/\/www.isi-education.com\/pt\/wp-json\/wp\/v2\/users\/44"}],"replies":[{"embeddable":true,"href":"https:\/\/www.isi-education.com\/pt\/wp-json\/wp\/v2\/comments?post=500"}],"version-history":[{"count":21,"href":"https:\/\/www.isi-education.com\/pt\/wp-json\/wp\/v2\/pages\/500\/revisions"}],"predecessor-version":[{"id":6432,"href":"https:\/\/www.isi-education.com\/pt\/wp-json\/wp\/v2\/pages\/500\/revisions\/6432"}],"up":[{"embeddable":true,"href":"https:\/\/www.isi-education.com\/pt\/wp-json\/wp\/v2\/pages\/499"}],"wp:attachment":[{"href":"https:\/\/www.isi-education.com\/pt\/wp-json\/wp\/v2\/media?parent=500"}],"curies":[{"name":"wp","href":"https:\/\/api.w.org\/{rel}","templated":true}]}}