{"id":3719,"date":"2021-11-25T09:00:36","date_gmt":"2021-11-25T00:00:36","guid":{"rendered":"https:\/\/www.isi-education.com\/pt\/%e9%80%b2%e5%ad%a6%e6%94%af%e6%8f%b4-%e7%a7%a6-%e7%8e%89%e6%a3%9a%e3%81%95%e3%82%93\/"},"modified":"2023-03-10T11:00:20","modified_gmt":"2023-03-10T02:00:20","slug":"qin-yupeng","status":"publish","type":"page","link":"https:\/\/www.isi-education.com\/pt\/support\/higher-education\/qin-yupeng","title":{"rendered":"Assist\u00eancia no acesso a educa\u00e7\u00e3o superior Qin Yupeng"},"content":{"rendered":"","protected":false},"excerpt":{"rendered":"","protected":false},"author":45,"featured_media":0,"parent":500,"menu_order":4,"comment_status":"closed","ping_status":"closed","template":"template-people-single.php","meta":{"_acf_changed":false,"footnotes":""},"class_list":["post-3719","page","type-page","status-publish","hentry"],"acf":[],"aioseo_notices":[],"_links":{"self":[{"href":"https:\/\/www.isi-education.com\/pt\/wp-json\/wp\/v2\/pages\/3719","targetHints":{"allow":["GET"]}}],"collection":[{"href":"https:\/\/www.isi-education.com\/pt\/wp-json\/wp\/v2\/pages"}],"about":[{"href":"https:\/\/www.isi-education.com\/pt\/wp-json\/wp\/v2\/types\/page"}],"author":[{"embeddable":true,"href":"https:\/\/www.isi-education.com\/pt\/wp-json\/wp\/v2\/users\/45"}],"replies":[{"embeddable":true,"href":"https:\/\/www.isi-education.com\/pt\/wp-json\/wp\/v2\/comments?post=3719"}],"version-history":[{"count":3,"href":"https:\/\/www.isi-education.com\/pt\/wp-json\/wp\/v2\/pages\/3719\/revisions"}],"predecessor-version":[{"id":4525,"href":"https:\/\/www.isi-education.com\/pt\/wp-json\/wp\/v2\/pages\/3719\/revisions\/4525"}],"up":[{"embeddable":true,"href":"https:\/\/www.isi-education.com\/pt\/wp-json\/wp\/v2\/pages\/500"}],"wp:attachment":[{"href":"https:\/\/www.isi-education.com\/pt\/wp-json\/wp\/v2\/media?parent=3719"}],"curies":[{"name":"wp","href":"https:\/\/api.w.org\/{rel}","templated":true}]}}