{"id":3009,"date":"2021-06-02T16:43:11","date_gmt":"2021-06-02T07:43:11","guid":{"rendered":"https:\/\/www.isi-education.com\/pt\/?page_id=3009"},"modified":"2025-08-19T13:47:15","modified_gmt":"2025-08-19T04:47:15","slug":"discover-qualification","status":"publish","type":"page","link":"https:\/\/www.isi-education.com\/pt\/discover-qualification","title":{"rendered":"Objetivo de obter &#8220;qualifica\u00e7\u00e3o e pontua\u00e7\u00e3o alta&#8221;"},"content":{"rendered":"","protected":false},"excerpt":{"rendered":"","protected":false},"author":44,"featured_media":0,"parent":0,"menu_order":83,"comment_status":"closed","ping_status":"closed","template":"template-page.php","meta":{"_acf_changed":false,"footnotes":""},"class_list":["post-3009","page","type-page","status-publish","hentry"],"acf":[],"aioseo_notices":[],"_links":{"self":[{"href":"https:\/\/www.isi-education.com\/pt\/wp-json\/wp\/v2\/pages\/3009","targetHints":{"allow":["GET"]}}],"collection":[{"href":"https:\/\/www.isi-education.com\/pt\/wp-json\/wp\/v2\/pages"}],"about":[{"href":"https:\/\/www.isi-education.com\/pt\/wp-json\/wp\/v2\/types\/page"}],"author":[{"embeddable":true,"href":"https:\/\/www.isi-education.com\/pt\/wp-json\/wp\/v2\/users\/44"}],"replies":[{"embeddable":true,"href":"https:\/\/www.isi-education.com\/pt\/wp-json\/wp\/v2\/comments?post=3009"}],"version-history":[{"count":21,"href":"https:\/\/www.isi-education.com\/pt\/wp-json\/wp\/v2\/pages\/3009\/revisions"}],"predecessor-version":[{"id":6322,"href":"https:\/\/www.isi-education.com\/pt\/wp-json\/wp\/v2\/pages\/3009\/revisions\/6322"}],"wp:attachment":[{"href":"https:\/\/www.isi-education.com\/pt\/wp-json\/wp\/v2\/media?parent=3009"}],"curies":[{"name":"wp","href":"https:\/\/api.w.org\/{rel}","templated":true}]}}