{"id":859,"date":"2019-06-20T10:07:15","date_gmt":"2019-06-20T01:07:15","guid":{"rendered":"https:\/\/www.isi-education.com\/it\/?page_id=859"},"modified":"2023-07-19T15:23:16","modified_gmt":"2023-07-19T06:23:16","slug":"pastor-de-arevalo-jose-romon","status":"publish","type":"page","link":"https:\/\/www.isi-education.com\/it\/support\/graduate\/pastor-de-arevalo-jose-romon\/","title":{"rendered":"Testimonianza di Jos\u00e9 Ram\u00f3n Pastor de Ar\u00e9valo"},"content":{"rendered":"","protected":false},"excerpt":{"rendered":"","protected":false},"author":44,"featured_media":0,"parent":850,"menu_order":201,"comment_status":"closed","ping_status":"closed","template":"template-people-single.php","meta":{"_acf_changed":false,"footnotes":""},"class_list":["post-859","page","type-page","status-publish","hentry"],"acf":[],"aioseo_notices":[],"_links":{"self":[{"href":"https:\/\/www.isi-education.com\/it\/wp-json\/wp\/v2\/pages\/859","targetHints":{"allow":["GET"]}}],"collection":[{"href":"https:\/\/www.isi-education.com\/it\/wp-json\/wp\/v2\/pages"}],"about":[{"href":"https:\/\/www.isi-education.com\/it\/wp-json\/wp\/v2\/types\/page"}],"author":[{"embeddable":true,"href":"https:\/\/www.isi-education.com\/it\/wp-json\/wp\/v2\/users\/44"}],"replies":[{"embeddable":true,"href":"https:\/\/www.isi-education.com\/it\/wp-json\/wp\/v2\/comments?post=859"}],"version-history":[{"count":7,"href":"https:\/\/www.isi-education.com\/it\/wp-json\/wp\/v2\/pages\/859\/revisions"}],"predecessor-version":[{"id":5254,"href":"https:\/\/www.isi-education.com\/it\/wp-json\/wp\/v2\/pages\/859\/revisions\/5254"}],"up":[{"embeddable":true,"href":"https:\/\/www.isi-education.com\/it\/wp-json\/wp\/v2\/pages\/850"}],"wp:attachment":[{"href":"https:\/\/www.isi-education.com\/it\/wp-json\/wp\/v2\/media?parent=859"}],"curies":[{"name":"wp","href":"https:\/\/api.w.org\/{rel}","templated":true}]}}