{"id":660,"date":"2017-01-12T15:46:55","date_gmt":"2017-01-12T06:46:55","guid":{"rendered":"http:\/\/www.isi-education.com\/fr\/copy-of-download-list\/"},"modified":"2025-12-02T16:33:52","modified_gmt":"2025-12-02T07:33:52","slug":"download","status":"publish","type":"page","link":"https:\/\/www.isi-education.com\/fr\/application\/download\/","title":{"rendered":"Les documents \u00e0 t\u00e9l\u00e9charger"},"content":{"rendered":"","protected":false},"excerpt":{"rendered":"","protected":false},"author":44,"featured_media":0,"parent":605,"menu_order":7,"comment_status":"closed","ping_status":"closed","template":"template-page.php","meta":{"_acf_changed":false,"footnotes":""},"class_list":["post-660","page","type-page","status-publish","hentry"],"acf":[],"aioseo_notices":[],"_links":{"self":[{"href":"https:\/\/www.isi-education.com\/fr\/wp-json\/wp\/v2\/pages\/660","targetHints":{"allow":["GET"]}}],"collection":[{"href":"https:\/\/www.isi-education.com\/fr\/wp-json\/wp\/v2\/pages"}],"about":[{"href":"https:\/\/www.isi-education.com\/fr\/wp-json\/wp\/v2\/types\/page"}],"author":[{"embeddable":true,"href":"https:\/\/www.isi-education.com\/fr\/wp-json\/wp\/v2\/users\/44"}],"replies":[{"embeddable":true,"href":"https:\/\/www.isi-education.com\/fr\/wp-json\/wp\/v2\/comments?post=660"}],"version-history":[{"count":20,"href":"https:\/\/www.isi-education.com\/fr\/wp-json\/wp\/v2\/pages\/660\/revisions"}],"predecessor-version":[{"id":6587,"href":"https:\/\/www.isi-education.com\/fr\/wp-json\/wp\/v2\/pages\/660\/revisions\/6587"}],"up":[{"embeddable":true,"href":"https:\/\/www.isi-education.com\/fr\/wp-json\/wp\/v2\/pages\/605"}],"wp:attachment":[{"href":"https:\/\/www.isi-education.com\/fr\/wp-json\/wp\/v2\/media?parent=660"}],"curies":[{"name":"wp","href":"https:\/\/api.w.org\/{rel}","templated":true}]}}