{"id":6539,"date":"2025-10-24T15:34:16","date_gmt":"2025-10-24T06:34:16","guid":{"rendered":"https:\/\/www.isi-education.com\/fr\/?page_id=6539"},"modified":"2025-10-24T15:34:16","modified_gmt":"2025-10-24T06:34:16","slug":"long-vacation-period","status":"publish","type":"page","link":"https:\/\/www.isi-education.com\/fr\/school-life\/long-vacation-period\/","title":{"rendered":"Conseils sur les activit\u00e9s hors du cadre de votre statut (travail \u00e0 temps partiel) et les p\u00e9riodes de cong\u00e9 prolong\u00e9es"},"content":{"rendered":"","protected":false},"excerpt":{"rendered":"","protected":false},"author":45,"featured_media":0,"parent":560,"menu_order":0,"comment_status":"closed","ping_status":"closed","template":"template-page.php","meta":{"_acf_changed":false,"footnotes":""},"class_list":["post-6539","page","type-page","status-publish","hentry"],"acf":[],"aioseo_notices":[],"_links":{"self":[{"href":"https:\/\/www.isi-education.com\/fr\/wp-json\/wp\/v2\/pages\/6539","targetHints":{"allow":["GET"]}}],"collection":[{"href":"https:\/\/www.isi-education.com\/fr\/wp-json\/wp\/v2\/pages"}],"about":[{"href":"https:\/\/www.isi-education.com\/fr\/wp-json\/wp\/v2\/types\/page"}],"author":[{"embeddable":true,"href":"https:\/\/www.isi-education.com\/fr\/wp-json\/wp\/v2\/users\/45"}],"replies":[{"embeddable":true,"href":"https:\/\/www.isi-education.com\/fr\/wp-json\/wp\/v2\/comments?post=6539"}],"version-history":[{"count":2,"href":"https:\/\/www.isi-education.com\/fr\/wp-json\/wp\/v2\/pages\/6539\/revisions"}],"predecessor-version":[{"id":6541,"href":"https:\/\/www.isi-education.com\/fr\/wp-json\/wp\/v2\/pages\/6539\/revisions\/6541"}],"up":[{"embeddable":true,"href":"https:\/\/www.isi-education.com\/fr\/wp-json\/wp\/v2\/pages\/560"}],"wp:attachment":[{"href":"https:\/\/www.isi-education.com\/fr\/wp-json\/wp\/v2\/media?parent=6539"}],"curies":[{"name":"wp","href":"https:\/\/api.w.org\/{rel}","templated":true}]}}