{"id":630,"date":"2017-02-13T15:16:34","date_gmt":"2017-02-13T06:16:34","guid":{"rendered":"http:\/\/www.isi-education.com\/fr\/copy-of-accommodation-fee-tokyo\/"},"modified":"2025-06-24T10:43:20","modified_gmt":"2025-06-24T01:43:20","slug":"accommodation-fee-tokyo","status":"publish","type":"page","link":"https:\/\/www.isi-education.com\/fr\/application\/fee\/accommodation-fee-tokyo","title":{"rendered":"Tokyo: H\u00e9bergement et accueil \u00e0 l&rsquo;a\u00e9roport"},"content":{"rendered":"","protected":false},"excerpt":{"rendered":"","protected":false},"author":44,"featured_media":0,"parent":618,"menu_order":50,"comment_status":"closed","ping_status":"closed","template":"template-page.php","meta":{"_acf_changed":false,"footnotes":""},"class_list":["post-630","page","type-page","status-publish","hentry"],"acf":[],"aioseo_notices":[],"_links":{"self":[{"href":"https:\/\/www.isi-education.com\/fr\/wp-json\/wp\/v2\/pages\/630","targetHints":{"allow":["GET"]}}],"collection":[{"href":"https:\/\/www.isi-education.com\/fr\/wp-json\/wp\/v2\/pages"}],"about":[{"href":"https:\/\/www.isi-education.com\/fr\/wp-json\/wp\/v2\/types\/page"}],"author":[{"embeddable":true,"href":"https:\/\/www.isi-education.com\/fr\/wp-json\/wp\/v2\/users\/44"}],"replies":[{"embeddable":true,"href":"https:\/\/www.isi-education.com\/fr\/wp-json\/wp\/v2\/comments?post=630"}],"version-history":[{"count":21,"href":"https:\/\/www.isi-education.com\/fr\/wp-json\/wp\/v2\/pages\/630\/revisions"}],"predecessor-version":[{"id":6289,"href":"https:\/\/www.isi-education.com\/fr\/wp-json\/wp\/v2\/pages\/630\/revisions\/6289"}],"up":[{"embeddable":true,"href":"https:\/\/www.isi-education.com\/fr\/wp-json\/wp\/v2\/pages\/618"}],"wp:attachment":[{"href":"https:\/\/www.isi-education.com\/fr\/wp-json\/wp\/v2\/media?parent=630"}],"curies":[{"name":"wp","href":"https:\/\/api.w.org\/{rel}","templated":true}]}}