{"id":624,"date":"2017-02-13T15:17:43","date_gmt":"2017-02-13T06:17:43","guid":{"rendered":"http:\/\/www.isi-education.com\/fr\/copy-of-accommodation-fee-kyoto-campus\/"},"modified":"2025-06-24T13:24:57","modified_gmt":"2025-06-24T04:24:57","slug":"accommodation-fee-kyoto","status":"publish","type":"page","link":"https:\/\/www.isi-education.com\/fr\/application\/fee\/accommodation-fee-kyoto\/","title":{"rendered":"Kyoto: H\u00e9bergement et accueil \u00e0 l&rsquo;a\u00e9roport"},"content":{"rendered":"","protected":false},"excerpt":{"rendered":"","protected":false},"author":44,"featured_media":0,"parent":618,"menu_order":51,"comment_status":"closed","ping_status":"closed","template":"template-page.php","meta":{"_acf_changed":false,"footnotes":""},"class_list":["post-624","page","type-page","status-publish","hentry"],"acf":[],"aioseo_notices":[],"_links":{"self":[{"href":"https:\/\/www.isi-education.com\/fr\/wp-json\/wp\/v2\/pages\/624","targetHints":{"allow":["GET"]}}],"collection":[{"href":"https:\/\/www.isi-education.com\/fr\/wp-json\/wp\/v2\/pages"}],"about":[{"href":"https:\/\/www.isi-education.com\/fr\/wp-json\/wp\/v2\/types\/page"}],"author":[{"embeddable":true,"href":"https:\/\/www.isi-education.com\/fr\/wp-json\/wp\/v2\/users\/44"}],"replies":[{"embeddable":true,"href":"https:\/\/www.isi-education.com\/fr\/wp-json\/wp\/v2\/comments?post=624"}],"version-history":[{"count":22,"href":"https:\/\/www.isi-education.com\/fr\/wp-json\/wp\/v2\/pages\/624\/revisions"}],"predecessor-version":[{"id":6291,"href":"https:\/\/www.isi-education.com\/fr\/wp-json\/wp\/v2\/pages\/624\/revisions\/6291"}],"up":[{"embeddable":true,"href":"https:\/\/www.isi-education.com\/fr\/wp-json\/wp\/v2\/pages\/618"}],"wp:attachment":[{"href":"https:\/\/www.isi-education.com\/fr\/wp-json\/wp\/v2\/media?parent=624"}],"curies":[{"name":"wp","href":"https:\/\/api.w.org\/{rel}","templated":true}]}}