{"id":587,"date":"2017-03-16T11:52:59","date_gmt":"2017-03-16T02:52:59","guid":{"rendered":"http:\/\/www.isi-education.com\/fr\/copy-of-student-interview-with-jorge-lopez-pizarro\/"},"modified":"2023-07-12T10:46:01","modified_gmt":"2023-07-12T01:46:01","slug":"jorge-lopez","status":"publish","type":"page","link":"https:\/\/www.isi-education.com\/fr\/school-life\/student-interview\/jorge-lopez\/","title":{"rendered":"T\u00e9moignage des \u00e9tudiants: Jorge L\u00f3pez Pizarro"},"content":{"rendered":"","protected":false},"excerpt":{"rendered":"","protected":false},"author":44,"featured_media":0,"parent":3708,"menu_order":103,"comment_status":"closed","ping_status":"closed","template":"template-people-single.php","meta":{"_acf_changed":false,"footnotes":""},"class_list":["post-587","page","type-page","status-publish","hentry"],"acf":[],"aioseo_notices":[],"_links":{"self":[{"href":"https:\/\/www.isi-education.com\/fr\/wp-json\/wp\/v2\/pages\/587","targetHints":{"allow":["GET"]}}],"collection":[{"href":"https:\/\/www.isi-education.com\/fr\/wp-json\/wp\/v2\/pages"}],"about":[{"href":"https:\/\/www.isi-education.com\/fr\/wp-json\/wp\/v2\/types\/page"}],"author":[{"embeddable":true,"href":"https:\/\/www.isi-education.com\/fr\/wp-json\/wp\/v2\/users\/44"}],"replies":[{"embeddable":true,"href":"https:\/\/www.isi-education.com\/fr\/wp-json\/wp\/v2\/comments?post=587"}],"version-history":[{"count":6,"href":"https:\/\/www.isi-education.com\/fr\/wp-json\/wp\/v2\/pages\/587\/revisions"}],"predecessor-version":[{"id":3735,"href":"https:\/\/www.isi-education.com\/fr\/wp-json\/wp\/v2\/pages\/587\/revisions\/3735"}],"up":[{"embeddable":true,"href":"https:\/\/www.isi-education.com\/fr\/wp-json\/wp\/v2\/pages\/3708"}],"wp:attachment":[{"href":"https:\/\/www.isi-education.com\/fr\/wp-json\/wp\/v2\/media?parent=587"}],"curies":[{"name":"wp","href":"https:\/\/api.w.org\/{rel}","templated":true}]}}