{"id":552,"date":"2017-03-09T23:22:58","date_gmt":"2017-03-09T14:22:58","guid":{"rendered":"http:\/\/www.isi-education.com\/fr\/copy-of-voice-from-koo-ka-yan\/"},"modified":"2023-07-19T16:03:37","modified_gmt":"2023-07-19T07:03:37","slug":"koo-ka-yan","status":"publish","type":"page","link":"https:\/\/www.isi-education.com\/fr\/support\/graduate\/Koo-Ka-Yan\/","title":{"rendered":"T\u00e9moignage des dipl\u00f4m\u00e9s: Koo Ka Yan"},"content":{"rendered":"","protected":false},"excerpt":{"rendered":"","protected":false},"author":44,"featured_media":0,"parent":541,"menu_order":401,"comment_status":"closed","ping_status":"closed","template":"template-people-single.php","meta":{"_acf_changed":false,"footnotes":""},"class_list":["post-552","page","type-page","status-publish","hentry"],"acf":[],"aioseo_notices":[],"_links":{"self":[{"href":"https:\/\/www.isi-education.com\/fr\/wp-json\/wp\/v2\/pages\/552","targetHints":{"allow":["GET"]}}],"collection":[{"href":"https:\/\/www.isi-education.com\/fr\/wp-json\/wp\/v2\/pages"}],"about":[{"href":"https:\/\/www.isi-education.com\/fr\/wp-json\/wp\/v2\/types\/page"}],"author":[{"embeddable":true,"href":"https:\/\/www.isi-education.com\/fr\/wp-json\/wp\/v2\/users\/44"}],"replies":[{"embeddable":true,"href":"https:\/\/www.isi-education.com\/fr\/wp-json\/wp\/v2\/comments?post=552"}],"version-history":[{"count":3,"href":"https:\/\/www.isi-education.com\/fr\/wp-json\/wp\/v2\/pages\/552\/revisions"}],"predecessor-version":[{"id":1550,"href":"https:\/\/www.isi-education.com\/fr\/wp-json\/wp\/v2\/pages\/552\/revisions\/1550"}],"up":[{"embeddable":true,"href":"https:\/\/www.isi-education.com\/fr\/wp-json\/wp\/v2\/pages\/541"}],"wp:attachment":[{"href":"https:\/\/www.isi-education.com\/fr\/wp-json\/wp\/v2\/media?parent=552"}],"curies":[{"name":"wp","href":"https:\/\/api.w.org\/{rel}","templated":true}]}}