{"id":4418,"date":"2022-11-08T17:39:29","date_gmt":"2022-11-08T08:39:29","guid":{"rendered":"https:\/\/www.isi-education.com\/fr\/?page_id=4418"},"modified":"2023-07-19T16:04:46","modified_gmt":"2023-07-19T07:04:46","slug":"zhao-sihan","status":"publish","type":"page","link":"https:\/\/www.isi-education.com\/fr\/support\/graduate\/zhao-sihan","title":{"rendered":"T\u00e9moignage des dipl\u00f4m\u00e9s: Zhao Sihan"},"content":{"rendered":"","protected":false},"excerpt":{"rendered":"","protected":false},"author":45,"featured_media":0,"parent":541,"menu_order":502,"comment_status":"closed","ping_status":"closed","template":"template-people-single.php","meta":{"_acf_changed":false,"footnotes":""},"class_list":["post-4418","page","type-page","status-publish","hentry"],"acf":[],"aioseo_notices":[],"_links":{"self":[{"href":"https:\/\/www.isi-education.com\/fr\/wp-json\/wp\/v2\/pages\/4418","targetHints":{"allow":["GET"]}}],"collection":[{"href":"https:\/\/www.isi-education.com\/fr\/wp-json\/wp\/v2\/pages"}],"about":[{"href":"https:\/\/www.isi-education.com\/fr\/wp-json\/wp\/v2\/types\/page"}],"author":[{"embeddable":true,"href":"https:\/\/www.isi-education.com\/fr\/wp-json\/wp\/v2\/users\/45"}],"replies":[{"embeddable":true,"href":"https:\/\/www.isi-education.com\/fr\/wp-json\/wp\/v2\/comments?post=4418"}],"version-history":[{"count":1,"href":"https:\/\/www.isi-education.com\/fr\/wp-json\/wp\/v2\/pages\/4418\/revisions"}],"predecessor-version":[{"id":4419,"href":"https:\/\/www.isi-education.com\/fr\/wp-json\/wp\/v2\/pages\/4418\/revisions\/4419"}],"up":[{"embeddable":true,"href":"https:\/\/www.isi-education.com\/fr\/wp-json\/wp\/v2\/pages\/541"}],"wp:attachment":[{"href":"https:\/\/www.isi-education.com\/fr\/wp-json\/wp\/v2\/media?parent=4418"}],"curies":[{"name":"wp","href":"https:\/\/api.w.org\/{rel}","templated":true}]}}