{"id":4274,"date":"2022-09-06T10:43:15","date_gmt":"2022-09-06T01:43:15","guid":{"rendered":"https:\/\/www.isi-education.com\/fr\/?page_id=4274"},"modified":"2023-07-19T15:51:12","modified_gmt":"2023-07-19T06:51:12","slug":"he-haolun","status":"publish","type":"page","link":"https:\/\/www.isi-education.com\/fr\/support\/graduate\/he-haolun","title":{"rendered":"T\u00e9moignage des dipl\u00f4m\u00e9s: He Haolun"},"content":{"rendered":"","protected":false},"excerpt":{"rendered":"","protected":false},"author":45,"featured_media":0,"parent":541,"menu_order":108,"comment_status":"closed","ping_status":"closed","template":"template-people-single.php","meta":{"_acf_changed":false,"footnotes":""},"class_list":["post-4274","page","type-page","status-publish","hentry"],"acf":[],"aioseo_notices":[],"_links":{"self":[{"href":"https:\/\/www.isi-education.com\/fr\/wp-json\/wp\/v2\/pages\/4274","targetHints":{"allow":["GET"]}}],"collection":[{"href":"https:\/\/www.isi-education.com\/fr\/wp-json\/wp\/v2\/pages"}],"about":[{"href":"https:\/\/www.isi-education.com\/fr\/wp-json\/wp\/v2\/types\/page"}],"author":[{"embeddable":true,"href":"https:\/\/www.isi-education.com\/fr\/wp-json\/wp\/v2\/users\/45"}],"replies":[{"embeddable":true,"href":"https:\/\/www.isi-education.com\/fr\/wp-json\/wp\/v2\/comments?post=4274"}],"version-history":[{"count":4,"href":"https:\/\/www.isi-education.com\/fr\/wp-json\/wp\/v2\/pages\/4274\/revisions"}],"predecessor-version":[{"id":4285,"href":"https:\/\/www.isi-education.com\/fr\/wp-json\/wp\/v2\/pages\/4274\/revisions\/4285"}],"up":[{"embeddable":true,"href":"https:\/\/www.isi-education.com\/fr\/wp-json\/wp\/v2\/pages\/541"}],"wp:attachment":[{"href":"https:\/\/www.isi-education.com\/fr\/wp-json\/wp\/v2\/media?parent=4274"}],"curies":[{"name":"wp","href":"https:\/\/api.w.org\/{rel}","templated":true}]}}