{"id":3928,"date":"2022-03-17T09:36:40","date_gmt":"2022-03-17T00:36:40","guid":{"rendered":"https:\/\/www.isi-education.com\/fr\/%e9%80%b2%e5%ad%a6%ef%bc%8f%e7%b7%8f%e5%90%88%e6%97%a5%e6%9c%ac%e8%aa%9e%e3%82%b3%e3%83%bc%e3%82%b9\/"},"modified":"2025-08-19T13:56:21","modified_gmt":"2025-08-19T04:56:21","slug":"academic-general-japanese-course","status":"publish","type":"page","link":"https:\/\/www.isi-education.com\/fr\/course\/academic-general-japanese-course\/","title":{"rendered":"Japonais pour l&rsquo;enseignement sup\u00e9rieur\uff0fJaponais g\u00e9n\u00e9ral"},"content":{"rendered":"<p>(Japonais pour l&rsquo;enseignement sup\u00e9rieur)<\/p>\n","protected":false},"excerpt":{"rendered":"<p>(Japonais pour l&rsquo;enseignement sup\u00e9rieur)<\/p>\n","protected":false},"author":45,"featured_media":0,"parent":518,"menu_order":1,"comment_status":"closed","ping_status":"closed","template":"template-page.php","meta":{"_acf_changed":false,"footnotes":""},"class_list":["post-3928","page","type-page","status-publish","hentry"],"acf":[],"aioseo_notices":[],"_links":{"self":[{"href":"https:\/\/www.isi-education.com\/fr\/wp-json\/wp\/v2\/pages\/3928","targetHints":{"allow":["GET"]}}],"collection":[{"href":"https:\/\/www.isi-education.com\/fr\/wp-json\/wp\/v2\/pages"}],"about":[{"href":"https:\/\/www.isi-education.com\/fr\/wp-json\/wp\/v2\/types\/page"}],"author":[{"embeddable":true,"href":"https:\/\/www.isi-education.com\/fr\/wp-json\/wp\/v2\/users\/45"}],"replies":[{"embeddable":true,"href":"https:\/\/www.isi-education.com\/fr\/wp-json\/wp\/v2\/comments?post=3928"}],"version-history":[{"count":20,"href":"https:\/\/www.isi-education.com\/fr\/wp-json\/wp\/v2\/pages\/3928\/revisions"}],"predecessor-version":[{"id":6466,"href":"https:\/\/www.isi-education.com\/fr\/wp-json\/wp\/v2\/pages\/3928\/revisions\/6466"}],"up":[{"embeddable":true,"href":"https:\/\/www.isi-education.com\/fr\/wp-json\/wp\/v2\/pages\/518"}],"wp:attachment":[{"href":"https:\/\/www.isi-education.com\/fr\/wp-json\/wp\/v2\/media?parent=3928"}],"curies":[{"name":"wp","href":"https:\/\/api.w.org\/{rel}","templated":true}]}}