{"id":3627,"date":"2021-12-28T15:06:52","date_gmt":"2021-12-28T06:06:52","guid":{"rendered":"https:\/\/www.isi-education.com\/fr\/%ef%bc%bb%e5%8d%92%e6%a5%ad%e7%94%9f%e3%81%ae%e5%a3%b0%ef%bc%bd%e7%be%85-%e6%9a%81%e5%8d%97%e3%81%95%e3%82%93\/"},"modified":"2023-07-19T16:03:56","modified_gmt":"2023-07-19T07:03:56","slug":"lo-hiunam","status":"publish","type":"page","link":"https:\/\/www.isi-education.com\/fr\/support\/graduate\/lo-hiunam","title":{"rendered":"T\u00e9moignage des dipl\u00f4m\u00e9s: Lo Hiu Nam"},"content":{"rendered":"","protected":false},"excerpt":{"rendered":"","protected":false},"author":45,"featured_media":0,"parent":541,"menu_order":406,"comment_status":"closed","ping_status":"closed","template":"template-people-single.php","meta":{"_acf_changed":false,"footnotes":""},"class_list":["post-3627","page","type-page","status-publish","hentry"],"acf":[],"aioseo_notices":[],"_links":{"self":[{"href":"https:\/\/www.isi-education.com\/fr\/wp-json\/wp\/v2\/pages\/3627","targetHints":{"allow":["GET"]}}],"collection":[{"href":"https:\/\/www.isi-education.com\/fr\/wp-json\/wp\/v2\/pages"}],"about":[{"href":"https:\/\/www.isi-education.com\/fr\/wp-json\/wp\/v2\/types\/page"}],"author":[{"embeddable":true,"href":"https:\/\/www.isi-education.com\/fr\/wp-json\/wp\/v2\/users\/45"}],"replies":[{"embeddable":true,"href":"https:\/\/www.isi-education.com\/fr\/wp-json\/wp\/v2\/comments?post=3627"}],"version-history":[{"count":2,"href":"https:\/\/www.isi-education.com\/fr\/wp-json\/wp\/v2\/pages\/3627\/revisions"}],"predecessor-version":[{"id":3629,"href":"https:\/\/www.isi-education.com\/fr\/wp-json\/wp\/v2\/pages\/3627\/revisions\/3629"}],"up":[{"embeddable":true,"href":"https:\/\/www.isi-education.com\/fr\/wp-json\/wp\/v2\/pages\/541"}],"wp:attachment":[{"href":"https:\/\/www.isi-education.com\/fr\/wp-json\/wp\/v2\/media?parent=3627"}],"curies":[{"name":"wp","href":"https:\/\/api.w.org\/{rel}","templated":true}]}}