{"id":3535,"date":"2021-12-15T10:35:31","date_gmt":"2021-12-15T01:35:31","guid":{"rendered":"https:\/\/www.isi-education.com\/fr\/%ef%bc%bb%e5%8d%92%e6%a5%ad%e7%94%9f%e3%81%ae%e5%a3%b0%ef%bc%bd%e7%ab%a0-%e6%bc%a2%e7%a1%af%e3%81%95%e3%82%93\/"},"modified":"2023-07-19T16:04:43","modified_gmt":"2023-07-19T07:04:43","slug":"zhang-hanyen","status":"publish","type":"page","link":"https:\/\/www.isi-education.com\/fr\/support\/graduate\/zhang-hanyen","title":{"rendered":"T\u00e9moignage des dipl\u00f4m\u00e9s: Zhang Han Yen"},"content":{"rendered":"","protected":false},"excerpt":{"rendered":"","protected":false},"author":45,"featured_media":0,"parent":541,"menu_order":501,"comment_status":"closed","ping_status":"closed","template":"template-people-single.php","meta":{"_acf_changed":false,"footnotes":""},"class_list":["post-3535","page","type-page","status-publish","hentry"],"acf":[],"aioseo_notices":[],"_links":{"self":[{"href":"https:\/\/www.isi-education.com\/fr\/wp-json\/wp\/v2\/pages\/3535","targetHints":{"allow":["GET"]}}],"collection":[{"href":"https:\/\/www.isi-education.com\/fr\/wp-json\/wp\/v2\/pages"}],"about":[{"href":"https:\/\/www.isi-education.com\/fr\/wp-json\/wp\/v2\/types\/page"}],"author":[{"embeddable":true,"href":"https:\/\/www.isi-education.com\/fr\/wp-json\/wp\/v2\/users\/45"}],"replies":[{"embeddable":true,"href":"https:\/\/www.isi-education.com\/fr\/wp-json\/wp\/v2\/comments?post=3535"}],"version-history":[{"count":4,"href":"https:\/\/www.isi-education.com\/fr\/wp-json\/wp\/v2\/pages\/3535\/revisions"}],"predecessor-version":[{"id":4289,"href":"https:\/\/www.isi-education.com\/fr\/wp-json\/wp\/v2\/pages\/3535\/revisions\/4289"}],"up":[{"embeddable":true,"href":"https:\/\/www.isi-education.com\/fr\/wp-json\/wp\/v2\/pages\/541"}],"wp:attachment":[{"href":"https:\/\/www.isi-education.com\/fr\/wp-json\/wp\/v2\/media?parent=3535"}],"curies":[{"name":"wp","href":"https:\/\/api.w.org\/{rel}","templated":true}]}}