{"id":3439,"date":"2021-11-16T14:36:49","date_gmt":"2021-11-16T05:36:49","guid":{"rendered":"https:\/\/www.isi-education.com\/fr\/%ef%bc%bb%e5%8d%92%e6%a5%ad%e7%94%9f%e3%81%ae%e5%a3%b0%ef%bc%bd%e8%a8%b1%e6%99%ba%e7%9a%93%e3%81%95%e3%82%93\/"},"modified":"2023-07-19T15:56:58","modified_gmt":"2023-07-19T06:56:58","slug":"hsu-chih-hao","status":"publish","type":"page","link":"https:\/\/www.isi-education.com\/fr\/support\/graduate\/hsu-chih-hao\/","title":{"rendered":"T\u00e9moignage des dipl\u00f4m\u00e9s: Chih-Hao Hsu"},"content":{"rendered":"","protected":false},"excerpt":{"rendered":"","protected":false},"author":45,"featured_media":0,"parent":541,"menu_order":202,"comment_status":"closed","ping_status":"closed","template":"template-people-single.php","meta":{"_acf_changed":false,"footnotes":""},"class_list":["post-3439","page","type-page","status-publish","hentry"],"acf":[],"aioseo_notices":[],"_links":{"self":[{"href":"https:\/\/www.isi-education.com\/fr\/wp-json\/wp\/v2\/pages\/3439","targetHints":{"allow":["GET"]}}],"collection":[{"href":"https:\/\/www.isi-education.com\/fr\/wp-json\/wp\/v2\/pages"}],"about":[{"href":"https:\/\/www.isi-education.com\/fr\/wp-json\/wp\/v2\/types\/page"}],"author":[{"embeddable":true,"href":"https:\/\/www.isi-education.com\/fr\/wp-json\/wp\/v2\/users\/45"}],"replies":[{"embeddable":true,"href":"https:\/\/www.isi-education.com\/fr\/wp-json\/wp\/v2\/comments?post=3439"}],"version-history":[{"count":4,"href":"https:\/\/www.isi-education.com\/fr\/wp-json\/wp\/v2\/pages\/3439\/revisions"}],"predecessor-version":[{"id":4291,"href":"https:\/\/www.isi-education.com\/fr\/wp-json\/wp\/v2\/pages\/3439\/revisions\/4291"}],"up":[{"embeddable":true,"href":"https:\/\/www.isi-education.com\/fr\/wp-json\/wp\/v2\/pages\/541"}],"wp:attachment":[{"href":"https:\/\/www.isi-education.com\/fr\/wp-json\/wp\/v2\/media?parent=3439"}],"curies":[{"name":"wp","href":"https:\/\/api.w.org\/{rel}","templated":true}]}}