{"id":2725,"date":"2021-06-01T13:04:01","date_gmt":"2021-06-01T04:04:01","guid":{"rendered":"https:\/\/www.isi-education.com\/fr\/?page_id=2725"},"modified":"2025-08-18T13:30:47","modified_gmt":"2025-08-18T04:30:47","slug":"discover-qualification","status":"publish","type":"page","link":"https:\/\/www.isi-education.com\/fr\/discover-qualification","title":{"rendered":"Pour ceux visant \u00e0 obtenir une qualification acad\u00e9mique et un score \u00e9lev\u00e9 aux examens de japonais"},"content":{"rendered":"","protected":false},"excerpt":{"rendered":"","protected":false},"author":44,"featured_media":0,"parent":0,"menu_order":83,"comment_status":"closed","ping_status":"closed","template":"template-page.php","meta":{"_acf_changed":false,"footnotes":""},"class_list":["post-2725","page","type-page","status-publish","hentry"],"acf":[],"aioseo_notices":[],"_links":{"self":[{"href":"https:\/\/www.isi-education.com\/fr\/wp-json\/wp\/v2\/pages\/2725","targetHints":{"allow":["GET"]}}],"collection":[{"href":"https:\/\/www.isi-education.com\/fr\/wp-json\/wp\/v2\/pages"}],"about":[{"href":"https:\/\/www.isi-education.com\/fr\/wp-json\/wp\/v2\/types\/page"}],"author":[{"embeddable":true,"href":"https:\/\/www.isi-education.com\/fr\/wp-json\/wp\/v2\/users\/44"}],"replies":[{"embeddable":true,"href":"https:\/\/www.isi-education.com\/fr\/wp-json\/wp\/v2\/comments?post=2725"}],"version-history":[{"count":20,"href":"https:\/\/www.isi-education.com\/fr\/wp-json\/wp\/v2\/pages\/2725\/revisions"}],"predecessor-version":[{"id":6454,"href":"https:\/\/www.isi-education.com\/fr\/wp-json\/wp\/v2\/pages\/2725\/revisions\/6454"}],"wp:attachment":[{"href":"https:\/\/www.isi-education.com\/fr\/wp-json\/wp\/v2\/media?parent=2725"}],"curies":[{"name":"wp","href":"https:\/\/api.w.org\/{rel}","templated":true}]}}