{"id":2061,"date":"2021-01-29T14:14:43","date_gmt":"2021-01-29T05:14:43","guid":{"rendered":"https:\/\/www.isi-education.com\/fr\/?page_id=2061"},"modified":"2023-07-19T16:03:53","modified_gmt":"2023-07-19T07:03:53","slug":"max-klapa","status":"publish","type":"page","link":"https:\/\/www.isi-education.com\/fr\/support\/graduate\/max-klapa","title":{"rendered":"T\u00e9moignage des dipl\u00f4m\u00e9s: Max Klapa"},"content":{"rendered":"","protected":false},"excerpt":{"rendered":"","protected":false},"author":44,"featured_media":0,"parent":541,"menu_order":405,"comment_status":"closed","ping_status":"closed","template":"template-people-single.php","meta":{"_acf_changed":false,"footnotes":""},"class_list":["post-2061","page","type-page","status-publish","hentry"],"acf":[],"aioseo_notices":[],"_links":{"self":[{"href":"https:\/\/www.isi-education.com\/fr\/wp-json\/wp\/v2\/pages\/2061","targetHints":{"allow":["GET"]}}],"collection":[{"href":"https:\/\/www.isi-education.com\/fr\/wp-json\/wp\/v2\/pages"}],"about":[{"href":"https:\/\/www.isi-education.com\/fr\/wp-json\/wp\/v2\/types\/page"}],"author":[{"embeddable":true,"href":"https:\/\/www.isi-education.com\/fr\/wp-json\/wp\/v2\/users\/44"}],"replies":[{"embeddable":true,"href":"https:\/\/www.isi-education.com\/fr\/wp-json\/wp\/v2\/comments?post=2061"}],"version-history":[{"count":2,"href":"https:\/\/www.isi-education.com\/fr\/wp-json\/wp\/v2\/pages\/2061\/revisions"}],"predecessor-version":[{"id":2498,"href":"https:\/\/www.isi-education.com\/fr\/wp-json\/wp\/v2\/pages\/2061\/revisions\/2498"}],"up":[{"embeddable":true,"href":"https:\/\/www.isi-education.com\/fr\/wp-json\/wp\/v2\/pages\/541"}],"wp:attachment":[{"href":"https:\/\/www.isi-education.com\/fr\/wp-json\/wp\/v2\/media?parent=2061"}],"curies":[{"name":"wp","href":"https:\/\/api.w.org\/{rel}","templated":true}]}}