{"id":1708,"date":"2020-07-01T13:31:53","date_gmt":"2020-07-01T04:31:53","guid":{"rendered":"https:\/\/www.isi-education.com\/fr\/?page_id=1708"},"modified":"2023-07-19T16:03:46","modified_gmt":"2023-07-19T07:03:46","slug":"henagoda-withanachchi-nuwan-nayanajith","status":"publish","type":"page","link":"https:\/\/www.isi-education.com\/fr\/support\/graduate\/henagoda-withanachchi-nuwan-nayanajith","title":{"rendered":"T\u00e9moignage des dipl\u00f4m\u00e9s: Henagoda Withanachchi Nuwan Nayanajith"},"content":{"rendered":"","protected":false},"excerpt":{"rendered":"","protected":false},"author":44,"featured_media":0,"parent":541,"menu_order":403,"comment_status":"closed","ping_status":"closed","template":"template-people-single.php","meta":{"_acf_changed":false,"footnotes":""},"class_list":["post-1708","page","type-page","status-publish","hentry"],"acf":[],"aioseo_notices":[],"_links":{"self":[{"href":"https:\/\/www.isi-education.com\/fr\/wp-json\/wp\/v2\/pages\/1708","targetHints":{"allow":["GET"]}}],"collection":[{"href":"https:\/\/www.isi-education.com\/fr\/wp-json\/wp\/v2\/pages"}],"about":[{"href":"https:\/\/www.isi-education.com\/fr\/wp-json\/wp\/v2\/types\/page"}],"author":[{"embeddable":true,"href":"https:\/\/www.isi-education.com\/fr\/wp-json\/wp\/v2\/users\/44"}],"replies":[{"embeddable":true,"href":"https:\/\/www.isi-education.com\/fr\/wp-json\/wp\/v2\/comments?post=1708"}],"version-history":[{"count":3,"href":"https:\/\/www.isi-education.com\/fr\/wp-json\/wp\/v2\/pages\/1708\/revisions"}],"predecessor-version":[{"id":1722,"href":"https:\/\/www.isi-education.com\/fr\/wp-json\/wp\/v2\/pages\/1708\/revisions\/1722"}],"up":[{"embeddable":true,"href":"https:\/\/www.isi-education.com\/fr\/wp-json\/wp\/v2\/pages\/541"}],"wp:attachment":[{"href":"https:\/\/www.isi-education.com\/fr\/wp-json\/wp\/v2\/media?parent=1708"}],"curies":[{"name":"wp","href":"https:\/\/api.w.org\/{rel}","templated":true}]}}