{"id":1706,"date":"2020-07-01T13:30:44","date_gmt":"2020-07-01T04:30:44","guid":{"rendered":"https:\/\/www.isi-education.com\/fr\/?page_id=1706"},"modified":"2023-07-19T16:03:42","modified_gmt":"2023-07-19T07:03:42","slug":"lama-arati","status":"publish","type":"page","link":"https:\/\/www.isi-education.com\/fr\/support\/graduate\/lama-arati","title":{"rendered":"T\u00e9moignage des dipl\u00f4m\u00e9s: Lama Arati"},"content":{"rendered":"","protected":false},"excerpt":{"rendered":"","protected":false},"author":44,"featured_media":0,"parent":541,"menu_order":402,"comment_status":"closed","ping_status":"closed","template":"template-people-single.php","meta":{"_acf_changed":false,"footnotes":""},"class_list":["post-1706","page","type-page","status-publish","hentry"],"acf":[],"aioseo_notices":[],"_links":{"self":[{"href":"https:\/\/www.isi-education.com\/fr\/wp-json\/wp\/v2\/pages\/1706","targetHints":{"allow":["GET"]}}],"collection":[{"href":"https:\/\/www.isi-education.com\/fr\/wp-json\/wp\/v2\/pages"}],"about":[{"href":"https:\/\/www.isi-education.com\/fr\/wp-json\/wp\/v2\/types\/page"}],"author":[{"embeddable":true,"href":"https:\/\/www.isi-education.com\/fr\/wp-json\/wp\/v2\/users\/44"}],"replies":[{"embeddable":true,"href":"https:\/\/www.isi-education.com\/fr\/wp-json\/wp\/v2\/comments?post=1706"}],"version-history":[{"count":3,"href":"https:\/\/www.isi-education.com\/fr\/wp-json\/wp\/v2\/pages\/1706\/revisions"}],"predecessor-version":[{"id":1720,"href":"https:\/\/www.isi-education.com\/fr\/wp-json\/wp\/v2\/pages\/1706\/revisions\/1720"}],"up":[{"embeddable":true,"href":"https:\/\/www.isi-education.com\/fr\/wp-json\/wp\/v2\/pages\/541"}],"wp:attachment":[{"href":"https:\/\/www.isi-education.com\/fr\/wp-json\/wp\/v2\/media?parent=1706"}],"curies":[{"name":"wp","href":"https:\/\/api.w.org\/{rel}","templated":true}]}}