{"id":1702,"date":"2023-03-14T10:42:16","date_gmt":"2023-03-14T01:42:16","guid":{"rendered":"https:\/\/www.isi-education.com\/fr\/?page_id=1702"},"modified":"2023-07-19T15:50:54","modified_gmt":"2023-07-19T06:50:54","slug":"ali-sheikholesamy","status":"publish","type":"page","link":"https:\/\/www.isi-education.com\/fr\/support\/graduate\/ali-sheikholesamy","title":{"rendered":"T\u00e9moignage des dipl\u00f4m\u00e9s: Ali Sheikholesamy"},"content":{"rendered":"","protected":false},"excerpt":{"rendered":"","protected":false},"author":44,"featured_media":0,"parent":541,"menu_order":102,"comment_status":"closed","ping_status":"closed","template":"template-people-single.php","meta":{"_acf_changed":false,"footnotes":""},"class_list":["post-1702","page","type-page","status-publish","hentry"],"acf":[],"aioseo_notices":[],"_links":{"self":[{"href":"https:\/\/www.isi-education.com\/fr\/wp-json\/wp\/v2\/pages\/1702","targetHints":{"allow":["GET"]}}],"collection":[{"href":"https:\/\/www.isi-education.com\/fr\/wp-json\/wp\/v2\/pages"}],"about":[{"href":"https:\/\/www.isi-education.com\/fr\/wp-json\/wp\/v2\/types\/page"}],"author":[{"embeddable":true,"href":"https:\/\/www.isi-education.com\/fr\/wp-json\/wp\/v2\/users\/44"}],"replies":[{"embeddable":true,"href":"https:\/\/www.isi-education.com\/fr\/wp-json\/wp\/v2\/comments?post=1702"}],"version-history":[{"count":3,"href":"https:\/\/www.isi-education.com\/fr\/wp-json\/wp\/v2\/pages\/1702\/revisions"}],"predecessor-version":[{"id":1718,"href":"https:\/\/www.isi-education.com\/fr\/wp-json\/wp\/v2\/pages\/1702\/revisions\/1718"}],"up":[{"embeddable":true,"href":"https:\/\/www.isi-education.com\/fr\/wp-json\/wp\/v2\/pages\/541"}],"wp:attachment":[{"href":"https:\/\/www.isi-education.com\/fr\/wp-json\/wp\/v2\/media?parent=1702"}],"curies":[{"name":"wp","href":"https:\/\/api.w.org\/{rel}","templated":true}]}}