{"id":335,"date":"2017-02-16T13:25:32","date_gmt":"2017-02-16T04:25:32","guid":{"rendered":"http:\/\/www.isi-education.com\/es\/copy-of-%e3%80%90%e6%9c%ac%e7%95%aa%e7%94%a8%e3%80%9104-3d_pastor-de-arevalo-jose-romon-%e3%81%95%e3%82%93%ef%bc%88%e3%82%b9%e3%83%9a%e3%82%a4%e3%83%b3%ef%bc%89\/"},"modified":"2023-07-19T14:32:55","modified_gmt":"2023-07-19T05:32:55","slug":"pastor-de-arevalo-jose-romon","status":"publish","type":"page","link":"https:\/\/www.isi-education.com\/es\/support\/graduate\/Pastor-De-Arevalo-Jose-Romon\/","title":{"rendered":"Los graduados: Jos\u00e9 Ram\u00f3n Pastor De Ar\u00e9valo"},"content":{"rendered":"","protected":false},"excerpt":{"rendered":"","protected":false},"author":44,"featured_media":0,"parent":6512,"menu_order":201,"comment_status":"closed","ping_status":"closed","template":"template-people-single.php","meta":{"_acf_changed":false,"footnotes":""},"class_list":["post-335","page","type-page","status-publish","hentry"],"acf":[],"aioseo_notices":[],"_links":{"self":[{"href":"https:\/\/www.isi-education.com\/es\/wp-json\/wp\/v2\/pages\/335","targetHints":{"allow":["GET"]}}],"collection":[{"href":"https:\/\/www.isi-education.com\/es\/wp-json\/wp\/v2\/pages"}],"about":[{"href":"https:\/\/www.isi-education.com\/es\/wp-json\/wp\/v2\/types\/page"}],"author":[{"embeddable":true,"href":"https:\/\/www.isi-education.com\/es\/wp-json\/wp\/v2\/users\/44"}],"replies":[{"embeddable":true,"href":"https:\/\/www.isi-education.com\/es\/wp-json\/wp\/v2\/comments?post=335"}],"version-history":[{"count":7,"href":"https:\/\/www.isi-education.com\/es\/wp-json\/wp\/v2\/pages\/335\/revisions"}],"predecessor-version":[{"id":6532,"href":"https:\/\/www.isi-education.com\/es\/wp-json\/wp\/v2\/pages\/335\/revisions\/6532"}],"up":[{"embeddable":true,"href":"https:\/\/www.isi-education.com\/es\/wp-json\/wp\/v2\/pages\/6512"}],"wp:attachment":[{"href":"https:\/\/www.isi-education.com\/es\/wp-json\/wp\/v2\/media?parent=335"}],"curies":[{"name":"wp","href":"https:\/\/api.w.org\/{rel}","templated":true}]}}